{"id":1952,"date":"2024-03-21T16:27:22","date_gmt":"2024-03-21T16:27:22","guid":{"rendered":"https:\/\/lab-partners.cc-websolutions.nl\/contact\/"},"modified":"2025-11-21T15:46:32","modified_gmt":"2025-11-21T15:46:32","slug":"kontakt","status":"publish","type":"page","link":"https:\/\/lab-partners.nl\/de\/kontakt\/","title":{"rendered":"Kontakt"},"content":{"rendered":"\t\t<div data-elementor-type=\"wp-page\" data-elementor-id=\"1952\" class=\"elementor elementor-1952 elementor-1726\" data-elementor-post-type=\"page\">\n\t\t\t\t<div class=\"elementor-element elementor-element-7c5b33b e-flex e-con-boxed e-con e-parent\" data-id=\"7c5b33b\" data-element_type=\"container\" data-e-type=\"container\">\n\t\t\t\t\t<div class=\"e-con-inner\">\n\t\t\t\t<div class=\"elementor-element elementor-element-3ad2be1 elementor-widget elementor-widget-spacer\" data-id=\"3ad2be1\" data-element_type=\"widget\" data-e-type=\"widget\" data-widget_type=\"spacer.default\">\n\t\t\t\t<div class=\"elementor-widget-container\">\n\t\t\t\t\t\t\t<div class=\"elementor-spacer\">\n\t\t\t<div class=\"elementor-spacer-inner\"><\/div>\n\t\t<\/div>\n\t\t\t\t\t\t<\/div>\n\t\t\t\t<\/div>\n\t\t\t\t<div class=\"elementor-element elementor-element-13c792d font-size-4 color-1 margin-bottom-2 elementor-widget elementor-widget-heading\" data-id=\"13c792d\" data-element_type=\"widget\" data-e-type=\"widget\" data-widget_type=\"heading.default\">\n\t\t\t\t<div class=\"elementor-widget-container\">\n\t\t\t\t\t<h2 class=\"elementor-heading-title elementor-size-default\">Kontakt Lab-Partners<\/h2>\t\t\t\t<\/div>\n\t\t\t\t<\/div>\n\t\t\t\t\t<\/div>\n\t\t\t\t<\/div>\n\t\t<div class=\"elementor-element elementor-element-f0926c9 e-flex e-con-boxed e-con e-parent\" data-id=\"f0926c9\" data-element_type=\"container\" data-e-type=\"container\">\n\t\t\t\t\t<div class=\"e-con-inner\">\n\t\t\t\t<div class=\"elementor-element elementor-element-7b8a720 elementor-widget elementor-widget-image\" data-id=\"7b8a720\" data-element_type=\"widget\" data-e-type=\"widget\" data-widget_type=\"image.default\">\n\t\t\t\t<div class=\"elementor-widget-container\">\n\t\t\t\t\t\t\t\t\t\t\t\t\t\t\t<img fetchpriority=\"high\" decoding=\"async\" width=\"2560\" height=\"1707\" src=\"https:\/\/lab-partners.nl\/wp-content\/uploads\/2024\/03\/\u00a9HTF20240216-291-scaled.jpg\" class=\"attachment-full size-full wp-image-1550\" alt=\"\" srcset=\"https:\/\/lab-partners.nl\/wp-content\/uploads\/2024\/03\/\u00a9HTF20240216-291-scaled.jpg 2560w, https:\/\/lab-partners.nl\/wp-content\/uploads\/2024\/03\/\u00a9HTF20240216-291-300x200.jpg 300w, https:\/\/lab-partners.nl\/wp-content\/uploads\/2024\/03\/\u00a9HTF20240216-291-1024x683.jpg 1024w, https:\/\/lab-partners.nl\/wp-content\/uploads\/2024\/03\/\u00a9HTF20240216-291-768x512.jpg 768w, https:\/\/lab-partners.nl\/wp-content\/uploads\/2024\/03\/\u00a9HTF20240216-291-1536x1024.jpg 1536w, https:\/\/lab-partners.nl\/wp-content\/uploads\/2024\/03\/\u00a9HTF20240216-291-2048x1365.jpg 2048w\" sizes=\"(max-width: 2560px) 100vw, 2560px\" \/>\t\t\t\t\t\t\t\t\t\t\t\t\t\t\t<\/div>\n\t\t\t\t<\/div>\n\t\t<div class=\"elementor-element elementor-element-7248651 e-con-full e-flex e-con e-child\" data-id=\"7248651\" data-element_type=\"container\" data-e-type=\"container\">\n\t\t\t\t<div class=\"elementor-element elementor-element-bb1db4e elementor-widget__width-initial elementor-widget-mobile__width-initial elementor-widget elementor-widget-text-editor\" data-id=\"bb1db4e\" data-element_type=\"widget\" data-e-type=\"widget\" data-widget_type=\"text-editor.default\">\n\t\t\t\t<div class=\"elementor-widget-container\">\n\t\t\t\t\t\t\t\t\t<p>Haben Sie Fragen, Anmerkungen oder Interesse an unseren Dienstleistungen?<\/p>\n<p>Sie erreichen uns unter folgenden Kontaktdaten:<\/p>\n<p><span style=\"text-decoration: underline;\"><span style=\"color: #0000ff;\"><a style=\"color: #0000ff; text-decoration: underline;\" href=\"mailto:info@lab-partners.nl\">info@lab-partners.nl<\/a><\/span><\/span><br \/><span style=\"color: #000000;\"><strong>Niels:<\/strong> <span style=\"text-decoration: underline;\"><span style=\"color: #0000ff;\"><a style=\"color: #0000ff; text-decoration: underline;\" href=\"tel:+31620353363\">+31 6 20353363<\/a><\/span><\/span><\/span><br \/><span style=\"color: #000000;\"><strong>Marty:<\/strong> <span style=\"text-decoration: underline;\"><span style=\"color: #0000ff;\"><a style=\"color: #0000ff; text-decoration: underline;\" href=\"tel:+31613153583\">+31 6 13153583<\/a><\/span><\/span><\/span><\/p>\n\t\t\t\t\t\t\t\t<\/div>\n\t\t\t\t<\/div>\n\t\t\t\t<\/div>\n\t\t\t\t\t<\/div>\n\t\t\t\t<\/div>\n\t\t\t\t<\/div>\n\t\t","protected":false},"excerpt":{"rendered":"<p>Kontakt Lab-Partners Haben Sie Fragen, Anmerkungen oder Interesse an unseren Dienstleistungen? Sie erreichen uns unter folgenden Kontaktdaten: info@lab-partners.nlNiels: +31 6 20353363Marty: +31 6 13153583<\/p>\n","protected":false},"author":2,"featured_media":0,"parent":0,"menu_order":0,"comment_status":"closed","ping_status":"closed","template":"","meta":{"inline_featured_image":false,"footnotes":""},"class_list":["post-1952","page","type-page","status-publish","hentry"],"yoast_head":"<!-- This site is optimized with the Yoast SEO plugin v27.3 - https:\/\/yoast.com\/product\/yoast-seo-wordpress\/ -->\n<title>Kontakt - Lab-Partners<\/title>\n<meta name=\"description\" content=\"Kontaktieren Sie Lab-Partners f\u00fcr professionelle Beratung und ma\u00dfgeschneiderte Unterst\u00fctzung. Wir helfen Ihnen gerne weiter!\" \/>\n<meta name=\"robots\" content=\"index, follow, max-snippet:-1, max-image-preview:large, max-video-preview:-1\" \/>\n<link rel=\"canonical\" href=\"https:\/\/lab-partners.nl\/de\/kontakt\/\" \/>\n<meta property=\"og:locale\" content=\"de_DE\" \/>\n<meta property=\"og:type\" content=\"article\" \/>\n<meta property=\"og:title\" content=\"Kontakt - Lab-Partners\" \/>\n<meta property=\"og:description\" content=\"Kontaktieren Sie Lab-Partners f\u00fcr professionelle Beratung und ma\u00dfgeschneiderte Unterst\u00fctzung. Wir helfen Ihnen gerne weiter!\" \/>\n<meta property=\"og:url\" content=\"https:\/\/lab-partners.nl\/de\/kontakt\/\" \/>\n<meta property=\"og:site_name\" content=\"Lab-Partners\" \/>\n<meta property=\"article:publisher\" content=\"https:\/\/www.facebook.com\/profile.php?id=61554663687106\" \/>\n<meta property=\"article:modified_time\" content=\"2025-11-21T15:46:32+00:00\" \/>\n<meta name=\"twitter:card\" content=\"summary_large_image\" \/>\n<meta name=\"twitter:label1\" content=\"Gesch\u00e4tzte Lesezeit\" \/>\n\t<meta name=\"twitter:data1\" content=\"1\u00a0Minute\" \/>\n<script type=\"application\/ld+json\" class=\"yoast-schema-graph\">{\"@context\":\"https:\\\/\\\/schema.org\",\"@graph\":[{\"@type\":\"WebPage\",\"@id\":\"https:\\\/\\\/lab-partners.nl\\\/de\\\/kontakt\\\/\",\"url\":\"https:\\\/\\\/lab-partners.nl\\\/de\\\/kontakt\\\/\",\"name\":\"Kontakt - Lab-Partners\",\"isPartOf\":{\"@id\":\"https:\\\/\\\/lab-partners.nl\\\/de\\\/#website\"},\"datePublished\":\"2024-03-21T16:27:22+00:00\",\"dateModified\":\"2025-11-21T15:46:32+00:00\",\"description\":\"Kontaktieren Sie Lab-Partners f\u00fcr professionelle Beratung und ma\u00dfgeschneiderte Unterst\u00fctzung. Wir helfen Ihnen gerne weiter!\",\"breadcrumb\":{\"@id\":\"https:\\\/\\\/lab-partners.nl\\\/de\\\/kontakt\\\/#breadcrumb\"},\"inLanguage\":\"de\",\"potentialAction\":[{\"@type\":\"ReadAction\",\"target\":[\"https:\\\/\\\/lab-partners.nl\\\/de\\\/kontakt\\\/\"]}]},{\"@type\":\"BreadcrumbList\",\"@id\":\"https:\\\/\\\/lab-partners.nl\\\/de\\\/kontakt\\\/#breadcrumb\",\"itemListElement\":[{\"@type\":\"ListItem\",\"position\":1,\"name\":\"Home\",\"item\":\"https:\\\/\\\/lab-partners.nl\\\/de\\\/\"},{\"@type\":\"ListItem\",\"position\":2,\"name\":\"Kontakt\"}]},{\"@type\":\"WebSite\",\"@id\":\"https:\\\/\\\/lab-partners.nl\\\/de\\\/#website\",\"url\":\"https:\\\/\\\/lab-partners.nl\\\/de\\\/\",\"name\":\"Lab-Partners\",\"description\":\"\",\"publisher\":{\"@id\":\"https:\\\/\\\/lab-partners.nl\\\/de\\\/#organization\"},\"potentialAction\":[{\"@type\":\"SearchAction\",\"target\":{\"@type\":\"EntryPoint\",\"urlTemplate\":\"https:\\\/\\\/lab-partners.nl\\\/de\\\/?s={search_term_string}\"},\"query-input\":{\"@type\":\"PropertyValueSpecification\",\"valueRequired\":true,\"valueName\":\"search_term_string\"}}],\"inLanguage\":\"de\"},{\"@type\":\"Organization\",\"@id\":\"https:\\\/\\\/lab-partners.nl\\\/de\\\/#organization\",\"name\":\"Lab-Partners B.V.\",\"url\":\"https:\\\/\\\/lab-partners.nl\\\/de\\\/\",\"logo\":{\"@type\":\"ImageObject\",\"inLanguage\":\"de\",\"@id\":\"https:\\\/\\\/lab-partners.nl\\\/de\\\/#\\\/schema\\\/logo\\\/image\\\/\",\"url\":\"https:\\\/\\\/lab-partners.cc-websolutions.nl\\\/wp-content\\\/uploads\\\/2024\\\/02\\\/logo.svg\",\"contentUrl\":\"https:\\\/\\\/lab-partners.cc-websolutions.nl\\\/wp-content\\\/uploads\\\/2024\\\/02\\\/logo.svg\",\"width\":207,\"height\":78,\"caption\":\"Lab-Partners B.V.\"},\"image\":{\"@id\":\"https:\\\/\\\/lab-partners.nl\\\/de\\\/#\\\/schema\\\/logo\\\/image\\\/\"},\"sameAs\":[\"https:\\\/\\\/www.facebook.com\\\/profile.php?id=61554663687106\",\"https:\\\/\\\/www.instagram.com\\\/labpartners_nl\",\"https:\\\/\\\/www.linkedin.com\\\/company\\\/lab-partners\"]}]}<\/script>\n<!-- \/ Yoast SEO plugin. -->","yoast_head_json":{"title":"Kontakt - Lab-Partners","description":"Kontaktieren Sie Lab-Partners f\u00fcr professionelle Beratung und ma\u00dfgeschneiderte Unterst\u00fctzung. Wir helfen Ihnen gerne weiter!","robots":{"index":"index","follow":"follow","max-snippet":"max-snippet:-1","max-image-preview":"max-image-preview:large","max-video-preview":"max-video-preview:-1"},"canonical":"https:\/\/lab-partners.nl\/de\/kontakt\/","og_locale":"de_DE","og_type":"article","og_title":"Kontakt - Lab-Partners","og_description":"Kontaktieren Sie Lab-Partners f\u00fcr professionelle Beratung und ma\u00dfgeschneiderte Unterst\u00fctzung. Wir helfen Ihnen gerne weiter!","og_url":"https:\/\/lab-partners.nl\/de\/kontakt\/","og_site_name":"Lab-Partners","article_publisher":"https:\/\/www.facebook.com\/profile.php?id=61554663687106","article_modified_time":"2025-11-21T15:46:32+00:00","twitter_card":"summary_large_image","twitter_misc":{"Gesch\u00e4tzte Lesezeit":"1\u00a0Minute"},"schema":{"@context":"https:\/\/schema.org","@graph":[{"@type":"WebPage","@id":"https:\/\/lab-partners.nl\/de\/kontakt\/","url":"https:\/\/lab-partners.nl\/de\/kontakt\/","name":"Kontakt - Lab-Partners","isPartOf":{"@id":"https:\/\/lab-partners.nl\/de\/#website"},"datePublished":"2024-03-21T16:27:22+00:00","dateModified":"2025-11-21T15:46:32+00:00","description":"Kontaktieren Sie Lab-Partners f\u00fcr professionelle Beratung und ma\u00dfgeschneiderte Unterst\u00fctzung. Wir helfen Ihnen gerne weiter!","breadcrumb":{"@id":"https:\/\/lab-partners.nl\/de\/kontakt\/#breadcrumb"},"inLanguage":"de","potentialAction":[{"@type":"ReadAction","target":["https:\/\/lab-partners.nl\/de\/kontakt\/"]}]},{"@type":"BreadcrumbList","@id":"https:\/\/lab-partners.nl\/de\/kontakt\/#breadcrumb","itemListElement":[{"@type":"ListItem","position":1,"name":"Home","item":"https:\/\/lab-partners.nl\/de\/"},{"@type":"ListItem","position":2,"name":"Kontakt"}]},{"@type":"WebSite","@id":"https:\/\/lab-partners.nl\/de\/#website","url":"https:\/\/lab-partners.nl\/de\/","name":"Lab-Partners","description":"","publisher":{"@id":"https:\/\/lab-partners.nl\/de\/#organization"},"potentialAction":[{"@type":"SearchAction","target":{"@type":"EntryPoint","urlTemplate":"https:\/\/lab-partners.nl\/de\/?s={search_term_string}"},"query-input":{"@type":"PropertyValueSpecification","valueRequired":true,"valueName":"search_term_string"}}],"inLanguage":"de"},{"@type":"Organization","@id":"https:\/\/lab-partners.nl\/de\/#organization","name":"Lab-Partners B.V.","url":"https:\/\/lab-partners.nl\/de\/","logo":{"@type":"ImageObject","inLanguage":"de","@id":"https:\/\/lab-partners.nl\/de\/#\/schema\/logo\/image\/","url":"https:\/\/lab-partners.cc-websolutions.nl\/wp-content\/uploads\/2024\/02\/logo.svg","contentUrl":"https:\/\/lab-partners.cc-websolutions.nl\/wp-content\/uploads\/2024\/02\/logo.svg","width":207,"height":78,"caption":"Lab-Partners B.V."},"image":{"@id":"https:\/\/lab-partners.nl\/de\/#\/schema\/logo\/image\/"},"sameAs":["https:\/\/www.facebook.com\/profile.php?id=61554663687106","https:\/\/www.instagram.com\/labpartners_nl","https:\/\/www.linkedin.com\/company\/lab-partners"]}]}},"_links":{"self":[{"href":"https:\/\/lab-partners.nl\/de\/wp-json\/wp\/v2\/pages\/1952","targetHints":{"allow":["GET"]}}],"collection":[{"href":"https:\/\/lab-partners.nl\/de\/wp-json\/wp\/v2\/pages"}],"about":[{"href":"https:\/\/lab-partners.nl\/de\/wp-json\/wp\/v2\/types\/page"}],"author":[{"embeddable":true,"href":"https:\/\/lab-partners.nl\/de\/wp-json\/wp\/v2\/users\/2"}],"replies":[{"embeddable":true,"href":"https:\/\/lab-partners.nl\/de\/wp-json\/wp\/v2\/comments?post=1952"}],"version-history":[{"count":10,"href":"https:\/\/lab-partners.nl\/de\/wp-json\/wp\/v2\/pages\/1952\/revisions"}],"predecessor-version":[{"id":3066,"href":"https:\/\/lab-partners.nl\/de\/wp-json\/wp\/v2\/pages\/1952\/revisions\/3066"}],"wp:attachment":[{"href":"https:\/\/lab-partners.nl\/de\/wp-json\/wp\/v2\/media?parent=1952"}],"curies":[{"name":"wp","href":"https:\/\/api.w.org\/{rel}","templated":true}]}}