{"id":2128,"date":"2024-03-20T11:16:59","date_gmt":"2024-03-20T11:16:59","guid":{"rendered":"https:\/\/lab-partners.cc-websolutions.nl\/akkreditierung-und-qualitaetsmanagement\/"},"modified":"2025-03-11T14:01:18","modified_gmt":"2025-03-11T14:01:18","slug":"risiko-und-qualitaetsmanagement","status":"publish","type":"page","link":"https:\/\/lab-partners.nl\/de\/risiko-und-qualitaetsmanagement\/","title":{"rendered":"Risiko- und Qualit\u00e4tsmanagement"},"content":{"rendered":"\t\t<div data-elementor-type=\"wp-page\" data-elementor-id=\"2128\" class=\"elementor elementor-2128 elementor-1620\" data-elementor-post-type=\"page\">\n\t\t\t\t<div class=\"elementor-element elementor-element-abdda7b e-con-full e-flex e-con e-parent\" data-id=\"abdda7b\" data-element_type=\"container\" data-e-type=\"container\">\n\t\t<div class=\"elementor-element elementor-element-0970f8a  ratio-1-desktop ratio-2-tablet ratio-3-mobile border-radius-1 e-flex e-con-boxed e-con e-child\" data-id=\"0970f8a\" data-element_type=\"container\" data-e-type=\"container\" data-settings=\"{&quot;background_background&quot;:&quot;classic&quot;}\">\n\t\t\t\t\t<div class=\"e-con-inner\">\n\t\t\t\t\t<\/div>\n\t\t\t\t<\/div>\n\t\t\t\t<\/div>\n\t\t<div class=\"elementor-element elementor-element-e2bcafb e-flex e-con-boxed e-con e-parent\" data-id=\"e2bcafb\" data-element_type=\"container\" data-e-type=\"container\" data-settings=\"{&quot;background_background&quot;:&quot;classic&quot;}\">\n\t\t\t\t\t<div class=\"e-con-inner\">\n\t\t<div class=\"elementor-element elementor-element-437a72d e-con-full e-flex e-con e-child\" data-id=\"437a72d\" data-element_type=\"container\" data-e-type=\"container\" data-settings=\"{&quot;background_background&quot;:&quot;classic&quot;}\">\n\t\t<div class=\"elementor-element elementor-element-829fc59 e-flex e-con-boxed e-con e-child\" data-id=\"829fc59\" data-element_type=\"container\" data-e-type=\"container\" data-settings=\"{&quot;background_background&quot;:&quot;classic&quot;}\">\n\t\t\t\t\t<div class=\"e-con-inner\">\n\t\t\t\t<div class=\"elementor-element elementor-element-db03622 breadcrumb margin-bottom-3 elementor-widget elementor-widget-html\" data-id=\"db03622\" data-element_type=\"widget\" data-e-type=\"widget\" data-widget_type=\"html.default\">\n\t\t\t\t<div class=\"elementor-widget-container\">\n\t\t\t\t\t<span><span><a href=\"https:\/\/lab-partners.nl\/de\/\"><span class=\"home-icon-breadcrumb\"> <\/span> Home<\/a><\/span><\/span>\t\t\t\t<\/div>\n\t\t\t\t<\/div>\n\t\t\t\t<div class=\"elementor-element elementor-element-b2baf28 font-size-4 color-1 margin-bottom-2 elementor-hidden-mobile elementor-widget elementor-widget-heading\" data-id=\"b2baf28\" data-element_type=\"widget\" data-e-type=\"widget\" data-widget_type=\"heading.default\">\n\t\t\t\t<div class=\"elementor-widget-container\">\n\t\t\t\t\t<h2 class=\"elementor-heading-title elementor-size-default\">Risiko- und Qualit\u00e4tsmanagement<\/h2>\t\t\t\t<\/div>\n\t\t\t\t<\/div>\n\t\t\t\t<div class=\"elementor-element elementor-element-ea7efe6 font-size-4 color-1 margin-bottom-2 elementor-hidden-desktop elementor-hidden-tablet elementor-widget elementor-widget-heading\" data-id=\"ea7efe6\" data-element_type=\"widget\" data-e-type=\"widget\" data-widget_type=\"heading.default\">\n\t\t\t\t<div class=\"elementor-widget-container\">\n\t\t\t\t\t<h2 class=\"elementor-heading-title elementor-size-default\">Risiko- und Qualit\u00e4tsmanagement<\/h2>\t\t\t\t<\/div>\n\t\t\t\t<\/div>\n\t\t\t\t<div class=\"elementor-element elementor-element-2f235fb elementor-widget elementor-widget-text-editor\" data-id=\"2f235fb\" data-element_type=\"widget\" data-e-type=\"widget\" data-widget_type=\"text-editor.default\">\n\t\t\t\t<div class=\"elementor-widget-container\">\n\t\t\t\t\t\t\t\t\tDie Erlangung und Aufrechterhaltung der Akkreditierung nach ISO 15189 (f\u00fcr medizinische Laboratorien) oder ISO 17025 (f\u00fcr Pr\u00fcf- und Kalibrierlaboratorien) ist ein komplexer Prozess, der sorgf\u00e4ltige Planung und Umsetzung erfordert. Lab-Partners unterst\u00fctzt Labore bei der Einrichtung, Optimierung und Aufrechterhaltung von Qualit\u00e4tsmanagementsystemen, damit die Labore nicht nur die Anforderungen erf\u00fcllen, sondern auch ihre Effizienz und Zuverl\u00e4ssigkeit steigern.\r\n\r\nWir begleiten Sie nicht nur durch den Akkreditierungsprozess, sondern unterst\u00fctzen Sie auch bei internen Audits, Prozessoptimierung und Risikomanagement. Dank unserer praktischen Erfahrung in verschiedenen Laboratorien verstehen wir die Herausforderungen, vor denen Sie stehen, und bieten ma\u00dfgeschneiderte L\u00f6sungen, die zu Ihren Arbeitsmethoden und Zielen passen.\t\t\t\t\t\t\t\t<\/div>\n\t\t\t\t<\/div>\n\t\t\t\t<div class=\"elementor-element elementor-element-cfa0a80 font-size-4 color-1 margin-bottom-2 elementor-widget elementor-widget-heading\" data-id=\"cfa0a80\" data-element_type=\"widget\" data-e-type=\"widget\" data-widget_type=\"heading.default\">\n\t\t\t\t<div class=\"elementor-widget-container\">\n\t\t\t\t\t<h4 class=\"elementor-heading-title elementor-size-default\">Warum Lab-Partners?<\/h4>\t\t\t\t<\/div>\n\t\t\t\t<\/div>\n\t\t\t\t<div class=\"elementor-element elementor-element-711b2e5 p-remove-bottom-margin margin-bottom-2 elementor-widget elementor-widget-text-editor\" data-id=\"711b2e5\" data-element_type=\"widget\" data-e-type=\"widget\" data-widget_type=\"text-editor.default\">\n\t\t\t\t<div class=\"elementor-widget-container\">\n\t\t\t\t\t\t\t\t\t<p>Bei Lab-Partners verbinden wir fundierte Kenntnisse des Qualit\u00e4tsmanagements mit einem praktischen und l\u00f6sungsorientierten Ansatz. Wir verf\u00fcgen \u00fcber umfangreiche Erfahrungen mit Akkreditierungsprozessen sowohl in medizinischen als auch in nicht-medizinischen Laboratorien.<\/p>\n<ul>\n<li><strong>Anleitung zur Akkreditierung<\/strong> &#8211; von der Vorbereitung auf das externe Audit bis zur Begleitung Ihrer Organisation w\u00e4hrend und nach dem Audit.<\/li>\n<li><strong>Anpassung und Prozessoptimierung<\/strong> &#8211; Wir sorgen daf\u00fcr, dass das Qualit\u00e4tsmanagement nicht nur der Norm entspricht, sondern auch wirklich zu Ihren Arbeitsabl\u00e4ufen beitr\u00e4gt.<\/li>\n<li><strong>Risikomanagement und Konformit\u00e4t<\/strong> &#8211; In \u00dcbereinstimmung mit den neuesten Richtlinien der ISO 15189:2022 oder ISO 17025:2017, einschlie\u00dflich vorausschauender Risikoanalyse und kontinuierlichem Verbesserungszyklus.<\/li>\n<li><strong>Praktische Unterst\u00fctzung<\/strong> &#8211; Wir helfen bei der Verwaltung von Dokumenten, internen Audits, Schulungen und der Sicherung von Qualit\u00e4tsprozessen.<\/li>\n<\/ul>\n<p>&nbsp;<\/p>\n<p>Mit Lab-Partners an Ihrer Seite k\u00f6nnen Sie sich auf einen reibungslosen Akkreditierungsprozess und auf ein Qualit\u00e4tsmanagementsystem verlassen, das nicht nur als Verpflichtung fungiert, sondern auch einen Mehrwert f\u00fcr Ihr Labor darstellt.<\/p>\n\t\t\t\t\t\t\t\t<\/div>\n\t\t\t\t<\/div>\n\t\t\t\t<div class=\"elementor-element elementor-element-096c59a font-size-4 color-1 margin-bottom-2 elementor-widget elementor-widget-heading\" data-id=\"096c59a\" data-element_type=\"widget\" data-e-type=\"widget\" data-widget_type=\"heading.default\">\n\t\t\t\t<div class=\"elementor-widget-container\">\n\t\t\t\t\t<h4 class=\"elementor-heading-title elementor-size-default\">Fr\u00fchere Projekte<\/h4>\t\t\t\t<\/div>\n\t\t\t\t<\/div>\n\t\t\t\t<div class=\"elementor-element elementor-element-d477661 p-remove-bottom-margin margin-bottom-2 elementor-widget elementor-widget-text-editor\" data-id=\"d477661\" data-element_type=\"widget\" data-e-type=\"widget\" data-widget_type=\"text-editor.default\">\n\t\t\t\t<div class=\"elementor-widget-container\">\n\t\t\t\t\t\t\t\t\t<p>Lab-Partners hat erfolgreiche Akkreditierungs- und Qualit\u00e4tsmanagementprojekte f\u00fcr Organisationen wie z.B.:<\/p>\n<ul>\n<li><strong>\u00dcberwachung der Akkreditierung<\/strong> bei Certified Group Netherlands nach ISO 17025<\/li>\n<li><strong>\u00dcberwachung der Akkreditierung <\/strong>bei Certe nach ISO 15189<\/li>\n<li>Qualit\u00e4tsunterst\u00fctzung im Meander Medisch Centrum<\/li>\n<\/ul>\n<p>Sind Sie neugierig, wie wir Ihre Organisation unterst\u00fctzen k\u00f6nnen? Bitte kontaktieren Sie uns f\u00fcr ein unverbindliches Gespr\u00e4ch!<\/p>\n\t\t\t\t\t\t\t\t<\/div>\n\t\t\t\t<\/div>\n\t\t\t\t\t<\/div>\n\t\t\t\t<\/div>\n\t\t<div class=\"elementor-element elementor-element-4c879c2 margin-bottom-4 e-flex e-con-boxed e-con e-child\" data-id=\"4c879c2\" data-element_type=\"container\" data-e-type=\"container\">\n\t\t\t\t\t<div class=\"e-con-inner\">\n\t\t\t\t<div class=\"elementor-element elementor-element-4943169 elementor-widget__width-initial elementor-widget elementor-widget-image\" data-id=\"4943169\" data-element_type=\"widget\" data-e-type=\"widget\" data-widget_type=\"image.default\">\n\t\t\t\t<div class=\"elementor-widget-container\">\n\t\t\t\t\t\t\t\t\t\t\t\t\t\t\t<img fetchpriority=\"high\" decoding=\"async\" width=\"800\" height=\"800\" src=\"https:\/\/lab-partners.nl\/wp-content\/uploads\/2024\/04\/Marty-1024x1024.jpg\" class=\"attachment-large size-large wp-image-1978\" alt=\"\" srcset=\"https:\/\/lab-partners.nl\/wp-content\/uploads\/2024\/04\/Marty-1024x1024.jpg 1024w, https:\/\/lab-partners.nl\/wp-content\/uploads\/2024\/04\/Marty-300x300.jpg 300w, https:\/\/lab-partners.nl\/wp-content\/uploads\/2024\/04\/Marty-150x150.jpg 150w, https:\/\/lab-partners.nl\/wp-content\/uploads\/2024\/04\/Marty-768x768.jpg 768w, https:\/\/lab-partners.nl\/wp-content\/uploads\/2024\/04\/Marty-1536x1536.jpg 1536w, https:\/\/lab-partners.nl\/wp-content\/uploads\/2024\/04\/Marty-2048x2048.jpg 2048w\" sizes=\"(max-width: 800px) 100vw, 800px\" \/>\t\t\t\t\t\t\t\t\t\t\t\t\t\t\t<\/div>\n\t\t\t\t<\/div>\n\t\t<div class=\"elementor-element elementor-element-753e4ee e-flex e-con-boxed e-con e-child\" data-id=\"753e4ee\" data-element_type=\"container\" data-e-type=\"container\">\n\t\t\t\t\t<div class=\"e-con-inner\">\n\t\t\t\t<div class=\"elementor-element elementor-element-9433455 color-1 font-size-2 margin-bottom-1 elementor-widget elementor-widget-heading\" data-id=\"9433455\" data-element_type=\"widget\" data-e-type=\"widget\" data-widget_type=\"heading.default\">\n\t\t\t\t<div class=\"elementor-widget-container\">\n\t\t\t\t\t<h4 class=\"elementor-heading-title elementor-size-default\">Marty de Graaf<\/h4>\t\t\t\t<\/div>\n\t\t\t\t<\/div>\n\t\t\t\t<div class=\"elementor-element elementor-element-b0cd92a elementor-widget elementor-widget-text-editor\" data-id=\"b0cd92a\" data-element_type=\"widget\" data-e-type=\"widget\" data-widget_type=\"text-editor.default\">\n\t\t\t\t<div class=\"elementor-widget-container\">\n\t\t\t\t\t\t\t\t\t<p>Projektmanager und Mitbegr\u00fcnder Lab-Partners B.V.<\/p>\n\t\t\t\t\t\t\t\t<\/div>\n\t\t\t\t<\/div>\n\t\t<div class=\"elementor-element elementor-element-8bb8355 e-flex e-con-boxed e-con e-child\" data-id=\"8bb8355\" data-element_type=\"container\" data-e-type=\"container\">\n\t\t\t\t\t<div class=\"e-con-inner\">\n\t\t<div class=\"elementor-element elementor-element-5c2f3cc e-con-full e-flex e-con e-child\" data-id=\"5c2f3cc\" data-element_type=\"container\" data-e-type=\"container\">\n\t\t\t\t<div class=\"elementor-element elementor-element-87d860a elementor-widget elementor-widget-image\" data-id=\"87d860a\" data-element_type=\"widget\" data-e-type=\"widget\" data-widget_type=\"image.default\">\n\t\t\t\t<div class=\"elementor-widget-container\">\n\t\t\t\t\t\t\t\t\t\t\t\t\t\t\t<img decoding=\"async\" width=\"18\" height=\"14\" src=\"https:\/\/lab-partners.nl\/wp-content\/uploads\/2024\/02\/blue-email.svg\" class=\"attachment-large size-large wp-image-1258\" alt=\"\" \/>\t\t\t\t\t\t\t\t\t\t\t\t\t\t\t<\/div>\n\t\t\t\t<\/div>\n\t\t\t\t<div class=\"elementor-element elementor-element-a0ae54f color-1 p-remove-bottom-margin elementor-widget elementor-widget-text-editor\" data-id=\"a0ae54f\" data-element_type=\"widget\" data-e-type=\"widget\" data-widget_type=\"text-editor.default\">\n\t\t\t\t<div class=\"elementor-widget-container\">\n\t\t\t\t\t\t\t\t\t<p><a href=\"mailto:info@lab-partners.nl\">info@lab-partners.nl<\/a><\/p>\n\t\t\t\t\t\t\t\t<\/div>\n\t\t\t\t<\/div>\n\t\t\t\t<\/div>\n\t\t<div class=\"elementor-element elementor-element-ff75fbb e-flex e-con-boxed e-con e-child\" data-id=\"ff75fbb\" data-element_type=\"container\" data-e-type=\"container\">\n\t\t\t\t\t<div class=\"e-con-inner\">\n\t\t\t\t<div class=\"elementor-element elementor-element-a07523f elementor-widget elementor-widget-image\" data-id=\"a07523f\" data-element_type=\"widget\" data-e-type=\"widget\" data-widget_type=\"image.default\">\n\t\t\t\t<div class=\"elementor-widget-container\">\n\t\t\t\t\t\t\t\t\t\t\t\t\t\t\t<img decoding=\"async\" width=\"25\" height=\"25\" src=\"https:\/\/lab-partners.nl\/wp-content\/uploads\/2024\/02\/blue-linkedin.svg\" class=\"attachment-large size-large wp-image-1260\" alt=\"\" \/>\t\t\t\t\t\t\t\t\t\t\t\t\t\t\t<\/div>\n\t\t\t\t<\/div>\n\t\t\t\t<div class=\"elementor-element elementor-element-fb90954 color-1 p-remove-bottom-margin elementor-widget elementor-widget-text-editor\" data-id=\"fb90954\" data-element_type=\"widget\" data-e-type=\"widget\" data-widget_type=\"text-editor.default\">\n\t\t\t\t<div class=\"elementor-widget-container\">\n\t\t\t\t\t\t\t\t\t<p><a href=\"https:\/\/www.linkedin.com\/in\/mdegraaf\/\">LinkedIn<\/a><\/p>\n\t\t\t\t\t\t\t\t<\/div>\n\t\t\t\t<\/div>\n\t\t\t\t\t<\/div>\n\t\t\t\t<\/div>\n\t\t\t\t\t<\/div>\n\t\t\t\t<\/div>\n\t\t\t\t\t<\/div>\n\t\t\t\t<\/div>\n\t\t\t\t\t<\/div>\n\t\t\t\t<\/div>\n\t\t\t\t<\/div>\n\t\t<div class=\"elementor-element elementor-element-a5353cf e-flex e-con-boxed e-con e-child\" data-id=\"a5353cf\" data-element_type=\"container\" data-e-type=\"container\">\n\t\t\t\t\t<div class=\"e-con-inner\">\n\t\t\t\t<div class=\"elementor-element elementor-element-ebfe361 elementor-widget__width-initial elementor-widget elementor-widget-button\" data-id=\"ebfe361\" data-element_type=\"widget\" data-e-type=\"widget\" data-widget_type=\"button.default\">\n\t\t\t\t<div class=\"elementor-widget-container\">\n\t\t\t\t\t\t\t\t\t<div class=\"elementor-button-wrapper\">\n\t\t\t\t\t<a class=\"elementor-button elementor-button-link elementor-size-sm\" href=\"https:\/\/lab-partners.nl\/de\/programm-und-projektmanagement\/\" target=\"_blank\">\n\t\t\t\t\t\t<span class=\"elementor-button-content-wrapper\">\n\t\t\t\t\t\t<span class=\"elementor-button-icon\">\n\t\t\t\t<svg xmlns=\"http:\/\/www.w3.org\/2000\/svg\" width=\"17\" height=\"11\" viewBox=\"0 0 17 11\" fill=\"none\"><path d=\"M15.7812 6.03125L11.5312 10.2812C11.2188 10.5938 10.75 10.5938 10.4688 10.2812C10.1562 10 10.1562 9.53125 10.4688 9.21875L13.4375 6.25H0.75C0.3125 6.25 0 5.9375 0 5.5C0 5.09375 0.3125 4.75 0.75 4.75H13.4375L10.4688 1.78125C10.1562 1.5 10.1562 1.03125 10.4688 0.71875C10.75 0.4375 11.2188 0.4375 11.5312 0.71875L15.7812 5C16.0625 5.28125 16.0625 5.75 15.7812 6.03125Z\" fill=\"white\"><\/path><\/svg>\t\t\t<\/span>\n\t\t\t\t\t\t\t\t\t<span class=\"elementor-button-text\">Programm- und Projektmanagement<\/span>\n\t\t\t\t\t<\/span>\n\t\t\t\t\t<\/a>\n\t\t\t\t<\/div>\n\t\t\t\t\t\t\t\t<\/div>\n\t\t\t\t<\/div>\n\t\t\t\t\t<\/div>\n\t\t\t\t<\/div>\n\t\t\t\t\t<\/div>\n\t\t\t\t<\/div>\n\t\t<div class=\"elementor-element elementor-element-1430e3e e-flex e-con-boxed e-con e-parent\" data-id=\"1430e3e\" data-element_type=\"container\" data-e-type=\"container\">\n\t\t\t\t\t<div class=\"e-con-inner\">\n\t\t\t\t<div class=\"elementor-element elementor-element-507ad51 elementor-widget elementor-widget-spacer\" data-id=\"507ad51\" data-element_type=\"widget\" data-e-type=\"widget\" data-widget_type=\"spacer.default\">\n\t\t\t\t<div class=\"elementor-widget-container\">\n\t\t\t\t\t\t\t<div class=\"elementor-spacer\">\n\t\t\t<div class=\"elementor-spacer-inner\"><\/div>\n\t\t<\/div>\n\t\t\t\t\t\t<\/div>\n\t\t\t\t<\/div>\n\t\t\t\t\t<\/div>\n\t\t\t\t<\/div>\n\t\t\t\t<\/div>\n\t\t","protected":false},"excerpt":{"rendered":"<p>Risiko- und Qualit\u00e4tsmanagement Risiko- und Qualit\u00e4tsmanagement Die Erlangung und Aufrechterhaltung der Akkreditierung nach ISO 15189 (f\u00fcr medizinische Laboratorien) oder ISO 17025 (f\u00fcr Pr\u00fcf- und Kalibrierlaboratorien) ist ein komplexer Prozess, der sorgf\u00e4ltige Planung und Umsetzung erfordert. Lab-Partners unterst\u00fctzt Labore bei der Einrichtung, Optimierung und Aufrechterhaltung von Qualit\u00e4tsmanagementsystemen, damit die Labore nicht nur die Anforderungen erf\u00fcllen, sondern [&hellip;]<\/p>\n","protected":false},"author":2,"featured_media":2822,"parent":0,"menu_order":0,"comment_status":"closed","ping_status":"closed","template":"","meta":{"inline_featured_image":false,"footnotes":""},"class_list":["post-2128","page","type-page","status-publish","has-post-thumbnail","hentry"],"yoast_head":"<!-- This site is optimized with the Yoast SEO plugin v27.3 - https:\/\/yoast.com\/product\/yoast-seo-wordpress\/ -->\n<title>Risiko- und Qualit\u00e4tsmanagement - Lab-Partners<\/title>\n<meta name=\"description\" content=\"Lab-Partners, Ihr zuverl\u00e4ssiger Partner f\u00fcr ISO 15189 und 17025 Risiko- und Qualit\u00e4tsmanagement. Wir unterst\u00fctzen und begleiten Sie.\" \/>\n<meta name=\"robots\" content=\"index, follow, max-snippet:-1, max-image-preview:large, max-video-preview:-1\" \/>\n<link rel=\"canonical\" href=\"https:\/\/lab-partners.nl\/de\/risiko-und-qualitaetsmanagement\/\" \/>\n<meta property=\"og:locale\" content=\"de_DE\" \/>\n<meta property=\"og:type\" content=\"article\" \/>\n<meta property=\"og:title\" content=\"Risiko- und Qualit\u00e4tsmanagement - Lab-Partners\" \/>\n<meta property=\"og:description\" content=\"Lab-Partners, Ihr zuverl\u00e4ssiger Partner f\u00fcr ISO 15189 und 17025 Risiko- und Qualit\u00e4tsmanagement. Wir unterst\u00fctzen und begleiten Sie.\" \/>\n<meta property=\"og:url\" content=\"https:\/\/lab-partners.nl\/de\/risiko-und-qualitaetsmanagement\/\" \/>\n<meta property=\"og:site_name\" content=\"Lab-Partners\" \/>\n<meta property=\"article:publisher\" content=\"https:\/\/www.facebook.com\/profile.php?id=61554663687106\" \/>\n<meta property=\"article:modified_time\" content=\"2025-03-11T14:01:18+00:00\" \/>\n<meta property=\"og:image\" content=\"https:\/\/lab-partners.nl\/wp-content\/uploads\/2025\/03\/Logo-Lab-Partners-groot.jpg\" \/>\n\t<meta property=\"og:image:width\" content=\"1184\" \/>\n\t<meta property=\"og:image:height\" content=\"878\" \/>\n\t<meta property=\"og:image:type\" content=\"image\/jpeg\" \/>\n<meta name=\"twitter:card\" content=\"summary_large_image\" \/>\n<meta name=\"twitter:label1\" content=\"Gesch\u00e4tzte Lesezeit\" \/>\n\t<meta name=\"twitter:data1\" content=\"3\u00a0Minuten\" \/>\n<script type=\"application\/ld+json\" class=\"yoast-schema-graph\">{\"@context\":\"https:\\\/\\\/schema.org\",\"@graph\":[{\"@type\":\"WebPage\",\"@id\":\"https:\\\/\\\/lab-partners.nl\\\/de\\\/risiko-und-qualitaetsmanagement\\\/\",\"url\":\"https:\\\/\\\/lab-partners.nl\\\/de\\\/risiko-und-qualitaetsmanagement\\\/\",\"name\":\"Risiko- und Qualit\u00e4tsmanagement - Lab-Partners\",\"isPartOf\":{\"@id\":\"https:\\\/\\\/lab-partners.nl\\\/de\\\/#website\"},\"primaryImageOfPage\":{\"@id\":\"https:\\\/\\\/lab-partners.nl\\\/de\\\/risiko-und-qualitaetsmanagement\\\/#primaryimage\"},\"image\":{\"@id\":\"https:\\\/\\\/lab-partners.nl\\\/de\\\/risiko-und-qualitaetsmanagement\\\/#primaryimage\"},\"thumbnailUrl\":\"https:\\\/\\\/lab-partners.nl\\\/wp-content\\\/uploads\\\/2025\\\/03\\\/Logo-Lab-Partners-groot.jpg\",\"datePublished\":\"2024-03-20T11:16:59+00:00\",\"dateModified\":\"2025-03-11T14:01:18+00:00\",\"description\":\"Lab-Partners, Ihr zuverl\u00e4ssiger Partner f\u00fcr ISO 15189 und 17025 Risiko- und Qualit\u00e4tsmanagement. Wir unterst\u00fctzen und begleiten Sie.\",\"breadcrumb\":{\"@id\":\"https:\\\/\\\/lab-partners.nl\\\/de\\\/risiko-und-qualitaetsmanagement\\\/#breadcrumb\"},\"inLanguage\":\"de\",\"potentialAction\":[{\"@type\":\"ReadAction\",\"target\":[\"https:\\\/\\\/lab-partners.nl\\\/de\\\/risiko-und-qualitaetsmanagement\\\/\"]}]},{\"@type\":\"ImageObject\",\"inLanguage\":\"de\",\"@id\":\"https:\\\/\\\/lab-partners.nl\\\/de\\\/risiko-und-qualitaetsmanagement\\\/#primaryimage\",\"url\":\"https:\\\/\\\/lab-partners.nl\\\/wp-content\\\/uploads\\\/2025\\\/03\\\/Logo-Lab-Partners-groot.jpg\",\"contentUrl\":\"https:\\\/\\\/lab-partners.nl\\\/wp-content\\\/uploads\\\/2025\\\/03\\\/Logo-Lab-Partners-groot.jpg\",\"width\":1184,\"height\":878},{\"@type\":\"BreadcrumbList\",\"@id\":\"https:\\\/\\\/lab-partners.nl\\\/de\\\/risiko-und-qualitaetsmanagement\\\/#breadcrumb\",\"itemListElement\":[{\"@type\":\"ListItem\",\"position\":1,\"name\":\"Home\",\"item\":\"https:\\\/\\\/lab-partners.nl\\\/de\\\/\"},{\"@type\":\"ListItem\",\"position\":2,\"name\":\"Risiko- und Qualit\u00e4tsmanagement\"}]},{\"@type\":\"WebSite\",\"@id\":\"https:\\\/\\\/lab-partners.nl\\\/de\\\/#website\",\"url\":\"https:\\\/\\\/lab-partners.nl\\\/de\\\/\",\"name\":\"Lab-Partners\",\"description\":\"\",\"publisher\":{\"@id\":\"https:\\\/\\\/lab-partners.nl\\\/de\\\/#organization\"},\"potentialAction\":[{\"@type\":\"SearchAction\",\"target\":{\"@type\":\"EntryPoint\",\"urlTemplate\":\"https:\\\/\\\/lab-partners.nl\\\/de\\\/?s={search_term_string}\"},\"query-input\":{\"@type\":\"PropertyValueSpecification\",\"valueRequired\":true,\"valueName\":\"search_term_string\"}}],\"inLanguage\":\"de\"},{\"@type\":\"Organization\",\"@id\":\"https:\\\/\\\/lab-partners.nl\\\/de\\\/#organization\",\"name\":\"Lab-Partners B.V.\",\"url\":\"https:\\\/\\\/lab-partners.nl\\\/de\\\/\",\"logo\":{\"@type\":\"ImageObject\",\"inLanguage\":\"de\",\"@id\":\"https:\\\/\\\/lab-partners.nl\\\/de\\\/#\\\/schema\\\/logo\\\/image\\\/\",\"url\":\"https:\\\/\\\/lab-partners.cc-websolutions.nl\\\/wp-content\\\/uploads\\\/2024\\\/02\\\/logo.svg\",\"contentUrl\":\"https:\\\/\\\/lab-partners.cc-websolutions.nl\\\/wp-content\\\/uploads\\\/2024\\\/02\\\/logo.svg\",\"width\":207,\"height\":78,\"caption\":\"Lab-Partners B.V.\"},\"image\":{\"@id\":\"https:\\\/\\\/lab-partners.nl\\\/de\\\/#\\\/schema\\\/logo\\\/image\\\/\"},\"sameAs\":[\"https:\\\/\\\/www.facebook.com\\\/profile.php?id=61554663687106\",\"https:\\\/\\\/www.instagram.com\\\/labpartners_nl\",\"https:\\\/\\\/www.linkedin.com\\\/company\\\/lab-partners\"]}]}<\/script>\n<!-- \/ Yoast SEO plugin. -->","yoast_head_json":{"title":"Risiko- und Qualit\u00e4tsmanagement - Lab-Partners","description":"Lab-Partners, Ihr zuverl\u00e4ssiger Partner f\u00fcr ISO 15189 und 17025 Risiko- und Qualit\u00e4tsmanagement. Wir unterst\u00fctzen und begleiten Sie.","robots":{"index":"index","follow":"follow","max-snippet":"max-snippet:-1","max-image-preview":"max-image-preview:large","max-video-preview":"max-video-preview:-1"},"canonical":"https:\/\/lab-partners.nl\/de\/risiko-und-qualitaetsmanagement\/","og_locale":"de_DE","og_type":"article","og_title":"Risiko- und Qualit\u00e4tsmanagement - Lab-Partners","og_description":"Lab-Partners, Ihr zuverl\u00e4ssiger Partner f\u00fcr ISO 15189 und 17025 Risiko- und Qualit\u00e4tsmanagement. Wir unterst\u00fctzen und begleiten Sie.","og_url":"https:\/\/lab-partners.nl\/de\/risiko-und-qualitaetsmanagement\/","og_site_name":"Lab-Partners","article_publisher":"https:\/\/www.facebook.com\/profile.php?id=61554663687106","article_modified_time":"2025-03-11T14:01:18+00:00","og_image":[{"width":1184,"height":878,"url":"https:\/\/lab-partners.nl\/wp-content\/uploads\/2025\/03\/Logo-Lab-Partners-groot.jpg","type":"image\/jpeg"}],"twitter_card":"summary_large_image","twitter_misc":{"Gesch\u00e4tzte Lesezeit":"3\u00a0Minuten"},"schema":{"@context":"https:\/\/schema.org","@graph":[{"@type":"WebPage","@id":"https:\/\/lab-partners.nl\/de\/risiko-und-qualitaetsmanagement\/","url":"https:\/\/lab-partners.nl\/de\/risiko-und-qualitaetsmanagement\/","name":"Risiko- und Qualit\u00e4tsmanagement - Lab-Partners","isPartOf":{"@id":"https:\/\/lab-partners.nl\/de\/#website"},"primaryImageOfPage":{"@id":"https:\/\/lab-partners.nl\/de\/risiko-und-qualitaetsmanagement\/#primaryimage"},"image":{"@id":"https:\/\/lab-partners.nl\/de\/risiko-und-qualitaetsmanagement\/#primaryimage"},"thumbnailUrl":"https:\/\/lab-partners.nl\/wp-content\/uploads\/2025\/03\/Logo-Lab-Partners-groot.jpg","datePublished":"2024-03-20T11:16:59+00:00","dateModified":"2025-03-11T14:01:18+00:00","description":"Lab-Partners, Ihr zuverl\u00e4ssiger Partner f\u00fcr ISO 15189 und 17025 Risiko- und Qualit\u00e4tsmanagement. Wir unterst\u00fctzen und begleiten Sie.","breadcrumb":{"@id":"https:\/\/lab-partners.nl\/de\/risiko-und-qualitaetsmanagement\/#breadcrumb"},"inLanguage":"de","potentialAction":[{"@type":"ReadAction","target":["https:\/\/lab-partners.nl\/de\/risiko-und-qualitaetsmanagement\/"]}]},{"@type":"ImageObject","inLanguage":"de","@id":"https:\/\/lab-partners.nl\/de\/risiko-und-qualitaetsmanagement\/#primaryimage","url":"https:\/\/lab-partners.nl\/wp-content\/uploads\/2025\/03\/Logo-Lab-Partners-groot.jpg","contentUrl":"https:\/\/lab-partners.nl\/wp-content\/uploads\/2025\/03\/Logo-Lab-Partners-groot.jpg","width":1184,"height":878},{"@type":"BreadcrumbList","@id":"https:\/\/lab-partners.nl\/de\/risiko-und-qualitaetsmanagement\/#breadcrumb","itemListElement":[{"@type":"ListItem","position":1,"name":"Home","item":"https:\/\/lab-partners.nl\/de\/"},{"@type":"ListItem","position":2,"name":"Risiko- und Qualit\u00e4tsmanagement"}]},{"@type":"WebSite","@id":"https:\/\/lab-partners.nl\/de\/#website","url":"https:\/\/lab-partners.nl\/de\/","name":"Lab-Partners","description":"","publisher":{"@id":"https:\/\/lab-partners.nl\/de\/#organization"},"potentialAction":[{"@type":"SearchAction","target":{"@type":"EntryPoint","urlTemplate":"https:\/\/lab-partners.nl\/de\/?s={search_term_string}"},"query-input":{"@type":"PropertyValueSpecification","valueRequired":true,"valueName":"search_term_string"}}],"inLanguage":"de"},{"@type":"Organization","@id":"https:\/\/lab-partners.nl\/de\/#organization","name":"Lab-Partners B.V.","url":"https:\/\/lab-partners.nl\/de\/","logo":{"@type":"ImageObject","inLanguage":"de","@id":"https:\/\/lab-partners.nl\/de\/#\/schema\/logo\/image\/","url":"https:\/\/lab-partners.cc-websolutions.nl\/wp-content\/uploads\/2024\/02\/logo.svg","contentUrl":"https:\/\/lab-partners.cc-websolutions.nl\/wp-content\/uploads\/2024\/02\/logo.svg","width":207,"height":78,"caption":"Lab-Partners B.V."},"image":{"@id":"https:\/\/lab-partners.nl\/de\/#\/schema\/logo\/image\/"},"sameAs":["https:\/\/www.facebook.com\/profile.php?id=61554663687106","https:\/\/www.instagram.com\/labpartners_nl","https:\/\/www.linkedin.com\/company\/lab-partners"]}]}},"_links":{"self":[{"href":"https:\/\/lab-partners.nl\/de\/wp-json\/wp\/v2\/pages\/2128","targetHints":{"allow":["GET"]}}],"collection":[{"href":"https:\/\/lab-partners.nl\/de\/wp-json\/wp\/v2\/pages"}],"about":[{"href":"https:\/\/lab-partners.nl\/de\/wp-json\/wp\/v2\/types\/page"}],"author":[{"embeddable":true,"href":"https:\/\/lab-partners.nl\/de\/wp-json\/wp\/v2\/users\/2"}],"replies":[{"embeddable":true,"href":"https:\/\/lab-partners.nl\/de\/wp-json\/wp\/v2\/comments?post=2128"}],"version-history":[{"count":16,"href":"https:\/\/lab-partners.nl\/de\/wp-json\/wp\/v2\/pages\/2128\/revisions"}],"predecessor-version":[{"id":2819,"href":"https:\/\/lab-partners.nl\/de\/wp-json\/wp\/v2\/pages\/2128\/revisions\/2819"}],"wp:featuredmedia":[{"embeddable":true,"href":"https:\/\/lab-partners.nl\/de\/wp-json\/wp\/v2\/media\/2822"}],"wp:attachment":[{"href":"https:\/\/lab-partners.nl\/de\/wp-json\/wp\/v2\/media?parent=2128"}],"curies":[{"name":"wp","href":"https:\/\/api.w.org\/{rel}","templated":true}]}}