{"id":2170,"date":"2024-03-20T11:25:00","date_gmt":"2024-03-20T11:25:00","guid":{"rendered":"https:\/\/lab-partners.cc-websolutions.nl\/erweiterung-oder-verlagerung-des-standorts\/"},"modified":"2024-11-29T11:38:38","modified_gmt":"2024-11-29T11:38:38","slug":"erweiterung-oder-verlagerung-des-standorts","status":"publish","type":"page","link":"https:\/\/lab-partners.nl\/de\/erweiterung-oder-verlagerung-des-standorts\/","title":{"rendered":"Erweiterung oder Verlagerung des Standorts"},"content":{"rendered":"\t\t<div data-elementor-type=\"wp-page\" data-elementor-id=\"2170\" class=\"elementor elementor-2170 elementor-1646\" data-elementor-post-type=\"page\">\n\t\t\t\t<div class=\"elementor-element elementor-element-abdda7b e-con-full e-flex e-con e-parent\" data-id=\"abdda7b\" data-element_type=\"container\" data-e-type=\"container\">\n\t\t<div class=\"elementor-element elementor-element-0970f8a  ratio-1-desktop ratio-2-tablet ratio-3-mobile border-radius-1 e-flex e-con-boxed e-con e-child\" data-id=\"0970f8a\" data-element_type=\"container\" data-e-type=\"container\" data-settings=\"{&quot;background_background&quot;:&quot;classic&quot;}\">\n\t\t\t\t\t<div class=\"e-con-inner\">\n\t\t\t\t\t<\/div>\n\t\t\t\t<\/div>\n\t\t\t\t<\/div>\n\t\t<div class=\"elementor-element elementor-element-e2bcafb e-flex e-con-boxed e-con e-parent\" data-id=\"e2bcafb\" data-element_type=\"container\" data-e-type=\"container\" data-settings=\"{&quot;background_background&quot;:&quot;classic&quot;}\">\n\t\t\t\t\t<div class=\"e-con-inner\">\n\t\t<div class=\"elementor-element elementor-element-437a72d e-con-full e-flex e-con e-child\" data-id=\"437a72d\" data-element_type=\"container\" data-e-type=\"container\" data-settings=\"{&quot;background_background&quot;:&quot;classic&quot;}\">\n\t\t<div class=\"elementor-element elementor-element-829fc59 e-flex e-con-boxed e-con e-child\" data-id=\"829fc59\" data-element_type=\"container\" data-e-type=\"container\" data-settings=\"{&quot;background_background&quot;:&quot;classic&quot;}\">\n\t\t\t\t\t<div class=\"e-con-inner\">\n\t\t\t\t<div class=\"elementor-element elementor-element-db03622 breadcrumb margin-bottom-3 elementor-widget elementor-widget-html\" data-id=\"db03622\" data-element_type=\"widget\" data-e-type=\"widget\" data-widget_type=\"html.default\">\n\t\t\t\t<div class=\"elementor-widget-container\">\n\t\t\t\t\t<span><span><a href=\"https:\/\/lab-partners.nl\/de\/\"><span class=\"home-icon-breadcrumb\"> <\/span> Home<\/a><\/span><\/span>\t\t\t\t<\/div>\n\t\t\t\t<\/div>\n\t\t\t\t<div class=\"elementor-element elementor-element-b2baf28 font-size-4 color-1 margin-bottom-2 elementor-widget elementor-widget-heading\" data-id=\"b2baf28\" data-element_type=\"widget\" data-e-type=\"widget\" data-widget_type=\"heading.default\">\n\t\t\t\t<div class=\"elementor-widget-container\">\n\t\t\t\t\t<h2 class=\"elementor-heading-title elementor-size-default\">Erweiterung oder Verlagerung des Standorts<\/h2>\t\t\t\t<\/div>\n\t\t\t\t<\/div>\n\t\t\t\t<div class=\"elementor-element elementor-element-2f235fb elementor-widget elementor-widget-text-editor\" data-id=\"2f235fb\" data-element_type=\"widget\" data-e-type=\"widget\" data-widget_type=\"text-editor.default\">\n\t\t\t\t<div class=\"elementor-widget-container\">\n\t\t\t\t\t\t\t\t\t<p>Wir von Lab-Partners wissen, dass eine Standorterweiterung oder ein Umzug Ihres Labors ein komplexer Prozess ist, der eine pr\u00e4zise Planung und Ausf\u00fchrung erfordert. Ganz gleich, ob es um die Implementierung neuer Ger\u00e4te, den Umzug bestehender Ger\u00e4te an einen neuen Standort oder die Koordinierung des gesamten Umzugsvorgangs geht, wir sind f\u00fcr Sie da, um Sie zu unterst\u00fctzen. Wir sorgen daf\u00fcr, dass Ihr Labor nahtlos in die neue Umgebung \u00fcbergeht, mit minimalen Ausfallzeiten und maximaler Effizienz.<\/p>\n\t\t\t\t\t\t\t\t<\/div>\n\t\t\t\t<\/div>\n\t\t\t\t<div class=\"elementor-element elementor-element-cfa0a80 font-size-4 color-1 margin-bottom-2 elementor-widget elementor-widget-heading\" data-id=\"cfa0a80\" data-element_type=\"widget\" data-e-type=\"widget\" data-widget_type=\"heading.default\">\n\t\t\t\t<div class=\"elementor-widget-container\">\n\t\t\t\t\t<h4 class=\"elementor-heading-title elementor-size-default\">Warum Lab-Partners<\/h4>\t\t\t\t<\/div>\n\t\t\t\t<\/div>\n\t\t\t\t<div class=\"elementor-element elementor-element-711b2e5 p-remove-bottom-margin margin-bottom-2 elementor-widget elementor-widget-text-editor\" data-id=\"711b2e5\" data-element_type=\"widget\" data-e-type=\"widget\" data-widget_type=\"text-editor.default\">\n\t\t\t\t<div class=\"elementor-widget-container\">\n\t\t\t\t\t\t\t\t\t<p>Lab-Partners ist der Partner Ihrer Wahl, wenn es um die Erweiterung von Standorten oder die Verlagerung von Laboren geht. Mit unserer umfangreichen Erfahrung und unserem Fachwissen im Projektmanagement rund um Einrichtungen k\u00f6nnen wir dazu beitragen, dass Ihr Projekt erfolgreich wird. Unser Engagement f\u00fcr Qualit\u00e4t, Effizienz und Kundenzufriedenheit erm\u00f6glicht es uns, Ihr Laborumzugsprojekt reibungslos und problemlos durchzuf\u00fchren, unabh\u00e4ngig von seiner Gr\u00f6\u00dfe oder Komplexit\u00e4t. W\u00e4hlen Sie Lab-Partners f\u00fcr eine reibungslose und professionelle Durchf\u00fchrung Ihrer Standorterweiterung oder Ihres Umzugs, damit Sie sich ohne Unterbrechung auf Ihr Kerngesch\u00e4ft konzentrieren k\u00f6nnen.<\/p>\n\t\t\t\t\t\t\t\t<\/div>\n\t\t\t\t<\/div>\n\t\t\t\t<div class=\"elementor-element elementor-element-096c59a font-size-4 color-1 margin-bottom-2 elementor-widget elementor-widget-heading\" data-id=\"096c59a\" data-element_type=\"widget\" data-e-type=\"widget\" data-widget_type=\"heading.default\">\n\t\t\t\t<div class=\"elementor-widget-container\">\n\t\t\t\t\t<h4 class=\"elementor-heading-title elementor-size-default\">Fr\u00fchere Projekte<\/h4>\t\t\t\t<\/div>\n\t\t\t\t<\/div>\n\t\t\t\t<div class=\"elementor-element elementor-element-d477661 p-remove-bottom-margin margin-bottom-2 elementor-widget elementor-widget-text-editor\" data-id=\"d477661\" data-element_type=\"widget\" data-e-type=\"widget\" data-widget_type=\"text-editor.default\">\n\t\t\t\t<div class=\"elementor-widget-container\">\n\t\t\t\t\t\t\t\t\t<p>Einige fr\u00fchere Projekte:<\/p>\n<ul>\n<li><strong>Hudsonlab in Utrecht<\/strong>: Lab-Partners richtete das Hudsonlab in Utrecht w\u00e4hrend der Corona-Pandemie ein. Der Standort wurde von einer Autowerkstatt in ein Gro\u00dflabor umgewandelt. Insgesamt verarbeitete das Pandemielabor zwischen Anfang 2021 und Mitte 2022 mehr als 2 Millionen Tests.<\/li>\n<li><strong>Installationsprojekte f\u00fcr Beckman Coulter in \u00d6sterreich und England<\/strong>: Lab-Partners hat mehrere Installationsprojekte f\u00fcr Beckman Coulter an verschiedenen Standorten geleitet, darunter \u00d6sterreich und England. Dank unseres Know-hows und unseres gr\u00fcndlichen (Projektmanagement-)Ansatzes wurden alle Aspekte des Projekts sorgf\u00e4ltig koordiniert und verwaltet, was trotz der Herausforderungen w\u00e4hrend des Prozesses zu einer erfolgreichen Implementierung der Ger\u00e4te beitrug.<\/li>\n<\/ul>\n\t\t\t\t\t\t\t\t<\/div>\n\t\t\t\t<\/div>\n\t\t\t\t\t<\/div>\n\t\t\t\t<\/div>\n\t\t<div class=\"elementor-element elementor-element-4c879c2 margin-bottom-4 e-flex e-con-boxed e-con e-child\" data-id=\"4c879c2\" data-element_type=\"container\" data-e-type=\"container\">\n\t\t\t\t\t<div class=\"e-con-inner\">\n\t\t\t\t<div class=\"elementor-element elementor-element-4943169 elementor-widget__width-initial elementor-widget elementor-widget-image\" data-id=\"4943169\" data-element_type=\"widget\" data-e-type=\"widget\" data-widget_type=\"image.default\">\n\t\t\t\t<div class=\"elementor-widget-container\">\n\t\t\t\t\t\t\t\t\t\t\t\t\t\t\t<img fetchpriority=\"high\" decoding=\"async\" width=\"800\" height=\"800\" src=\"https:\/\/lab-partners.nl\/wp-content\/uploads\/2024\/04\/Niels-1024x1024.jpg\" class=\"attachment-large size-large wp-image-1984\" alt=\"\" srcset=\"https:\/\/lab-partners.nl\/wp-content\/uploads\/2024\/04\/Niels-1024x1024.jpg 1024w, https:\/\/lab-partners.nl\/wp-content\/uploads\/2024\/04\/Niels-300x300.jpg 300w, https:\/\/lab-partners.nl\/wp-content\/uploads\/2024\/04\/Niels-150x150.jpg 150w, https:\/\/lab-partners.nl\/wp-content\/uploads\/2024\/04\/Niels-768x768.jpg 768w, https:\/\/lab-partners.nl\/wp-content\/uploads\/2024\/04\/Niels-1536x1536.jpg 1536w, https:\/\/lab-partners.nl\/wp-content\/uploads\/2024\/04\/Niels-2048x2048.jpg 2048w\" sizes=\"(max-width: 800px) 100vw, 800px\" \/>\t\t\t\t\t\t\t\t\t\t\t\t\t\t\t<\/div>\n\t\t\t\t<\/div>\n\t\t<div class=\"elementor-element elementor-element-753e4ee e-flex e-con-boxed e-con e-child\" data-id=\"753e4ee\" data-element_type=\"container\" data-e-type=\"container\">\n\t\t\t\t\t<div class=\"e-con-inner\">\n\t\t\t\t<div class=\"elementor-element elementor-element-9433455 color-1 font-size-2 margin-bottom-1 elementor-widget elementor-widget-heading\" data-id=\"9433455\" data-element_type=\"widget\" data-e-type=\"widget\" data-widget_type=\"heading.default\">\n\t\t\t\t<div class=\"elementor-widget-container\">\n\t\t\t\t\t<h4 class=\"elementor-heading-title elementor-size-default\">Niels van Berkum<\/h4>\t\t\t\t<\/div>\n\t\t\t\t<\/div>\n\t\t\t\t<div class=\"elementor-element elementor-element-b0cd92a elementor-widget elementor-widget-text-editor\" data-id=\"b0cd92a\" data-element_type=\"widget\" data-e-type=\"widget\" data-widget_type=\"text-editor.default\">\n\t\t\t\t<div class=\"elementor-widget-container\">\n\t\t\t\t\t\t\t\t\t<p>Technischer Projektmanager und Mitbegr\u00fcnder Lab-Partners B.V.<\/p>\n\t\t\t\t\t\t\t\t<\/div>\n\t\t\t\t<\/div>\n\t\t<div class=\"elementor-element elementor-element-8bb8355 e-flex e-con-boxed e-con e-child\" data-id=\"8bb8355\" data-element_type=\"container\" data-e-type=\"container\">\n\t\t\t\t\t<div class=\"e-con-inner\">\n\t\t<div class=\"elementor-element elementor-element-5c2f3cc e-con-full e-flex e-con e-child\" data-id=\"5c2f3cc\" data-element_type=\"container\" data-e-type=\"container\">\n\t\t\t\t<div class=\"elementor-element elementor-element-87d860a elementor-widget elementor-widget-image\" data-id=\"87d860a\" data-element_type=\"widget\" data-e-type=\"widget\" data-widget_type=\"image.default\">\n\t\t\t\t<div class=\"elementor-widget-container\">\n\t\t\t\t\t\t\t\t\t\t\t\t\t\t\t<img decoding=\"async\" width=\"18\" height=\"14\" src=\"https:\/\/lab-partners.nl\/wp-content\/uploads\/2024\/02\/blue-email.svg\" class=\"attachment-large size-large wp-image-1258\" alt=\"\" \/>\t\t\t\t\t\t\t\t\t\t\t\t\t\t\t<\/div>\n\t\t\t\t<\/div>\n\t\t\t\t<div class=\"elementor-element elementor-element-a0ae54f color-1 p-remove-bottom-margin elementor-widget elementor-widget-text-editor\" data-id=\"a0ae54f\" data-element_type=\"widget\" data-e-type=\"widget\" data-widget_type=\"text-editor.default\">\n\t\t\t\t<div class=\"elementor-widget-container\">\n\t\t\t\t\t\t\t\t\t<p><a href=\"mailto:info@lab-partners.nl\">info@lab-partners.nl<\/a><\/p>\n\t\t\t\t\t\t\t\t<\/div>\n\t\t\t\t<\/div>\n\t\t\t\t<\/div>\n\t\t<div class=\"elementor-element elementor-element-ff75fbb e-flex e-con-boxed e-con e-child\" data-id=\"ff75fbb\" data-element_type=\"container\" data-e-type=\"container\">\n\t\t\t\t\t<div class=\"e-con-inner\">\n\t\t\t\t<div class=\"elementor-element elementor-element-a07523f elementor-widget elementor-widget-image\" data-id=\"a07523f\" data-element_type=\"widget\" data-e-type=\"widget\" data-widget_type=\"image.default\">\n\t\t\t\t<div class=\"elementor-widget-container\">\n\t\t\t\t\t\t\t\t\t\t\t\t\t\t\t<img decoding=\"async\" width=\"25\" height=\"25\" src=\"https:\/\/lab-partners.nl\/wp-content\/uploads\/2024\/02\/blue-linkedin.svg\" class=\"attachment-large size-large wp-image-1260\" alt=\"\" \/>\t\t\t\t\t\t\t\t\t\t\t\t\t\t\t<\/div>\n\t\t\t\t<\/div>\n\t\t\t\t<div class=\"elementor-element elementor-element-fb90954 color-1 p-remove-bottom-margin elementor-widget elementor-widget-text-editor\" data-id=\"fb90954\" data-element_type=\"widget\" data-e-type=\"widget\" data-widget_type=\"text-editor.default\">\n\t\t\t\t<div class=\"elementor-widget-container\">\n\t\t\t\t\t\t\t\t\t<p><a href=\"https:\/\/www.linkedin.com\/in\/niels-van-berkum-087590\/\">LinkedIn<\/a><\/p>\n\t\t\t\t\t\t\t\t<\/div>\n\t\t\t\t<\/div>\n\t\t\t\t\t<\/div>\n\t\t\t\t<\/div>\n\t\t\t\t\t<\/div>\n\t\t\t\t<\/div>\n\t\t\t\t\t<\/div>\n\t\t\t\t<\/div>\n\t\t\t\t\t<\/div>\n\t\t\t\t<\/div>\n\t\t\t\t<\/div>\n\t\t\t\t\t<\/div>\n\t\t\t\t<\/div>\n\t\t<div class=\"elementor-element elementor-element-11be32d e-flex e-con-boxed e-con e-child\" data-id=\"11be32d\" data-element_type=\"container\" data-e-type=\"container\">\n\t\t\t\t\t<div class=\"e-con-inner\">\n\t\t\t\t<div class=\"elementor-element elementor-element-ad3aad0 elementor-widget__width-initial elementor-widget elementor-widget-button\" data-id=\"ad3aad0\" data-element_type=\"widget\" data-e-type=\"widget\" data-widget_type=\"button.default\">\n\t\t\t\t<div class=\"elementor-widget-container\">\n\t\t\t\t\t\t\t\t\t<div class=\"elementor-button-wrapper\">\n\t\t\t\t\t<a class=\"elementor-button elementor-button-link elementor-size-sm\" href=\"https:\/\/lab-partners.nl\/de\/programm-und-projektmanagement\/\" target=\"_blank\">\n\t\t\t\t\t\t<span class=\"elementor-button-content-wrapper\">\n\t\t\t\t\t\t<span class=\"elementor-button-icon\">\n\t\t\t\t<svg xmlns=\"http:\/\/www.w3.org\/2000\/svg\" width=\"17\" height=\"11\" viewBox=\"0 0 17 11\" fill=\"none\"><path d=\"M15.7812 6.03125L11.5312 10.2812C11.2188 10.5938 10.75 10.5938 10.4688 10.2812C10.1562 10 10.1562 9.53125 10.4688 9.21875L13.4375 6.25H0.75C0.3125 6.25 0 5.9375 0 5.5C0 5.09375 0.3125 4.75 0.75 4.75H13.4375L10.4688 1.78125C10.1562 1.5 10.1562 1.03125 10.4688 0.71875C10.75 0.4375 11.2188 0.4375 11.5312 0.71875L15.7812 5C16.0625 5.28125 16.0625 5.75 15.7812 6.03125Z\" fill=\"white\"><\/path><\/svg>\t\t\t<\/span>\n\t\t\t\t\t\t\t\t\t<span class=\"elementor-button-text\">Programm- und Projektmanagement<\/span>\n\t\t\t\t\t<\/span>\n\t\t\t\t\t<\/a>\n\t\t\t\t<\/div>\n\t\t\t\t\t\t\t\t<\/div>\n\t\t\t\t<\/div>\n\t\t\t\t<div class=\"elementor-element elementor-element-2a9967b elementor-widget elementor-widget-spacer\" data-id=\"2a9967b\" data-element_type=\"widget\" data-e-type=\"widget\" data-widget_type=\"spacer.default\">\n\t\t\t\t<div class=\"elementor-widget-container\">\n\t\t\t\t\t\t\t<div class=\"elementor-spacer\">\n\t\t\t<div class=\"elementor-spacer-inner\"><\/div>\n\t\t<\/div>\n\t\t\t\t\t\t<\/div>\n\t\t\t\t<\/div>\n\t\t\t\t\t<\/div>\n\t\t\t\t<\/div>\n\t\t\t\t<\/div>\n\t\t","protected":false},"excerpt":{"rendered":"<p>Erweiterung oder Verlagerung des Standorts Wir von Lab-Partners wissen, dass eine Standorterweiterung oder ein Umzug Ihres Labors ein komplexer Prozess ist, der eine pr\u00e4zise Planung und Ausf\u00fchrung erfordert. Ganz gleich, ob es um die Implementierung neuer Ger\u00e4te, den Umzug bestehender Ger\u00e4te an einen neuen Standort oder die Koordinierung des gesamten Umzugsvorgangs geht, wir sind f\u00fcr [&hellip;]<\/p>\n","protected":false},"author":2,"featured_media":0,"parent":0,"menu_order":0,"comment_status":"closed","ping_status":"open","template":"","meta":{"inline_featured_image":false,"footnotes":""},"class_list":["post-2170","page","type-page","status-publish","hentry"],"yoast_head":"<!-- This site is optimized with the Yoast SEO plugin v27.2 - https:\/\/yoast.com\/product\/yoast-seo-wordpress\/ -->\n<title>Erweiterung oder Verlagerung des Standorts - Lab-Partners<\/title>\n<meta name=\"description\" content=\"Wir verstehen die Komplexit\u00e4t von Laborumz\u00fcgen. Wir garantieren einen reibungslosen \u00dcbergang mit minimaler Ausfallzeit f\u00fcr Ihr Labor.\" \/>\n<meta name=\"robots\" content=\"index, follow, max-snippet:-1, max-image-preview:large, max-video-preview:-1\" \/>\n<link rel=\"canonical\" href=\"https:\/\/lab-partners.nl\/de\/erweiterung-oder-verlagerung-des-standorts\/\" \/>\n<meta property=\"og:locale\" content=\"de_DE\" \/>\n<meta property=\"og:type\" content=\"article\" \/>\n<meta property=\"og:title\" content=\"Erweiterung oder Verlagerung des Standorts - Lab-Partners\" \/>\n<meta property=\"og:description\" content=\"Wir verstehen die Komplexit\u00e4t von Laborumz\u00fcgen. Wir garantieren einen reibungslosen \u00dcbergang mit minimaler Ausfallzeit f\u00fcr Ihr Labor.\" \/>\n<meta property=\"og:url\" content=\"https:\/\/lab-partners.nl\/de\/erweiterung-oder-verlagerung-des-standorts\/\" \/>\n<meta property=\"og:site_name\" content=\"Lab-Partners\" \/>\n<meta property=\"article:publisher\" content=\"https:\/\/www.facebook.com\/profile.php?id=61554663687106\" \/>\n<meta property=\"article:modified_time\" content=\"2024-11-29T11:38:38+00:00\" \/>\n<meta property=\"og:image\" content=\"https:\/\/lab-partners.nl\/wp-content\/uploads\/2024\/04\/Niels-scaled.jpg\" \/>\n\t<meta property=\"og:image:width\" content=\"2560\" \/>\n\t<meta property=\"og:image:height\" content=\"2560\" \/>\n\t<meta property=\"og:image:type\" content=\"image\/jpeg\" \/>\n<meta name=\"twitter:card\" content=\"summary_large_image\" \/>\n<meta name=\"twitter:label1\" content=\"Gesch\u00e4tzte Lesezeit\" \/>\n\t<meta name=\"twitter:data1\" content=\"2\u00a0Minuten\" \/>\n<script type=\"application\/ld+json\" class=\"yoast-schema-graph\">{\"@context\":\"https:\/\/schema.org\",\"@graph\":[{\"@type\":\"WebPage\",\"@id\":\"https:\/\/lab-partners.nl\/de\/erweiterung-oder-verlagerung-des-standorts\/\",\"url\":\"https:\/\/lab-partners.nl\/de\/erweiterung-oder-verlagerung-des-standorts\/\",\"name\":\"Erweiterung oder Verlagerung des Standorts - Lab-Partners\",\"isPartOf\":{\"@id\":\"https:\/\/lab-partners.nl\/de\/#website\"},\"primaryImageOfPage\":{\"@id\":\"https:\/\/lab-partners.nl\/de\/erweiterung-oder-verlagerung-des-standorts\/#primaryimage\"},\"image\":{\"@id\":\"https:\/\/lab-partners.nl\/de\/erweiterung-oder-verlagerung-des-standorts\/#primaryimage\"},\"thumbnailUrl\":\"https:\/\/lab-partners.nl\/wp-content\/uploads\/2024\/04\/Niels-1024x1024.jpg\",\"datePublished\":\"2024-03-20T11:25:00+00:00\",\"dateModified\":\"2024-11-29T11:38:38+00:00\",\"description\":\"Wir verstehen die Komplexit\u00e4t von Laborumz\u00fcgen. Wir garantieren einen reibungslosen \u00dcbergang mit minimaler Ausfallzeit f\u00fcr Ihr Labor.\",\"breadcrumb\":{\"@id\":\"https:\/\/lab-partners.nl\/de\/erweiterung-oder-verlagerung-des-standorts\/#breadcrumb\"},\"inLanguage\":\"de\",\"potentialAction\":[{\"@type\":\"ReadAction\",\"target\":[\"https:\/\/lab-partners.nl\/de\/erweiterung-oder-verlagerung-des-standorts\/\"]}]},{\"@type\":\"ImageObject\",\"inLanguage\":\"de\",\"@id\":\"https:\/\/lab-partners.nl\/de\/erweiterung-oder-verlagerung-des-standorts\/#primaryimage\",\"url\":\"https:\/\/lab-partners.nl\/wp-content\/uploads\/2024\/04\/Niels-1024x1024.jpg\",\"contentUrl\":\"https:\/\/lab-partners.nl\/wp-content\/uploads\/2024\/04\/Niels-1024x1024.jpg\"},{\"@type\":\"BreadcrumbList\",\"@id\":\"https:\/\/lab-partners.nl\/de\/erweiterung-oder-verlagerung-des-standorts\/#breadcrumb\",\"itemListElement\":[{\"@type\":\"ListItem\",\"position\":1,\"name\":\"Home\",\"item\":\"https:\/\/lab-partners.nl\/de\/\"},{\"@type\":\"ListItem\",\"position\":2,\"name\":\"Erweiterung oder Verlagerung des Standorts\"}]},{\"@type\":\"WebSite\",\"@id\":\"https:\/\/lab-partners.nl\/de\/#website\",\"url\":\"https:\/\/lab-partners.nl\/de\/\",\"name\":\"Lab-Partners\",\"description\":\"\",\"publisher\":{\"@id\":\"https:\/\/lab-partners.nl\/de\/#organization\"},\"potentialAction\":[{\"@type\":\"SearchAction\",\"target\":{\"@type\":\"EntryPoint\",\"urlTemplate\":\"https:\/\/lab-partners.nl\/de\/?s={search_term_string}\"},\"query-input\":{\"@type\":\"PropertyValueSpecification\",\"valueRequired\":true,\"valueName\":\"search_term_string\"}}],\"inLanguage\":\"de\"},{\"@type\":\"Organization\",\"@id\":\"https:\/\/lab-partners.nl\/de\/#organization\",\"name\":\"Lab-Partners B.V.\",\"url\":\"https:\/\/lab-partners.nl\/de\/\",\"logo\":{\"@type\":\"ImageObject\",\"inLanguage\":\"de\",\"@id\":\"https:\/\/lab-partners.nl\/de\/#\/schema\/logo\/image\/\",\"url\":\"https:\/\/lab-partners.cc-websolutions.nl\/wp-content\/uploads\/2024\/02\/logo.svg\",\"contentUrl\":\"https:\/\/lab-partners.cc-websolutions.nl\/wp-content\/uploads\/2024\/02\/logo.svg\",\"width\":207,\"height\":78,\"caption\":\"Lab-Partners B.V.\"},\"image\":{\"@id\":\"https:\/\/lab-partners.nl\/de\/#\/schema\/logo\/image\/\"},\"sameAs\":[\"https:\/\/www.facebook.com\/profile.php?id=61554663687106\",\"https:\/\/www.instagram.com\/labpartners_nl\",\"https:\/\/www.linkedin.com\/company\/lab-partners\"]}]}<\/script>\n<!-- \/ Yoast SEO plugin. -->","yoast_head_json":{"title":"Erweiterung oder Verlagerung des Standorts - Lab-Partners","description":"Wir verstehen die Komplexit\u00e4t von Laborumz\u00fcgen. Wir garantieren einen reibungslosen \u00dcbergang mit minimaler Ausfallzeit f\u00fcr Ihr Labor.","robots":{"index":"index","follow":"follow","max-snippet":"max-snippet:-1","max-image-preview":"max-image-preview:large","max-video-preview":"max-video-preview:-1"},"canonical":"https:\/\/lab-partners.nl\/de\/erweiterung-oder-verlagerung-des-standorts\/","og_locale":"de_DE","og_type":"article","og_title":"Erweiterung oder Verlagerung des Standorts - Lab-Partners","og_description":"Wir verstehen die Komplexit\u00e4t von Laborumz\u00fcgen. Wir garantieren einen reibungslosen \u00dcbergang mit minimaler Ausfallzeit f\u00fcr Ihr Labor.","og_url":"https:\/\/lab-partners.nl\/de\/erweiterung-oder-verlagerung-des-standorts\/","og_site_name":"Lab-Partners","article_publisher":"https:\/\/www.facebook.com\/profile.php?id=61554663687106","article_modified_time":"2024-11-29T11:38:38+00:00","og_image":[{"width":2560,"height":2560,"url":"https:\/\/lab-partners.nl\/wp-content\/uploads\/2024\/04\/Niels-scaled.jpg","type":"image\/jpeg"}],"twitter_card":"summary_large_image","twitter_misc":{"Gesch\u00e4tzte Lesezeit":"2\u00a0Minuten"},"schema":{"@context":"https:\/\/schema.org","@graph":[{"@type":"WebPage","@id":"https:\/\/lab-partners.nl\/de\/erweiterung-oder-verlagerung-des-standorts\/","url":"https:\/\/lab-partners.nl\/de\/erweiterung-oder-verlagerung-des-standorts\/","name":"Erweiterung oder Verlagerung des Standorts - Lab-Partners","isPartOf":{"@id":"https:\/\/lab-partners.nl\/de\/#website"},"primaryImageOfPage":{"@id":"https:\/\/lab-partners.nl\/de\/erweiterung-oder-verlagerung-des-standorts\/#primaryimage"},"image":{"@id":"https:\/\/lab-partners.nl\/de\/erweiterung-oder-verlagerung-des-standorts\/#primaryimage"},"thumbnailUrl":"https:\/\/lab-partners.nl\/wp-content\/uploads\/2024\/04\/Niels-1024x1024.jpg","datePublished":"2024-03-20T11:25:00+00:00","dateModified":"2024-11-29T11:38:38+00:00","description":"Wir verstehen die Komplexit\u00e4t von Laborumz\u00fcgen. Wir garantieren einen reibungslosen \u00dcbergang mit minimaler Ausfallzeit f\u00fcr Ihr Labor.","breadcrumb":{"@id":"https:\/\/lab-partners.nl\/de\/erweiterung-oder-verlagerung-des-standorts\/#breadcrumb"},"inLanguage":"de","potentialAction":[{"@type":"ReadAction","target":["https:\/\/lab-partners.nl\/de\/erweiterung-oder-verlagerung-des-standorts\/"]}]},{"@type":"ImageObject","inLanguage":"de","@id":"https:\/\/lab-partners.nl\/de\/erweiterung-oder-verlagerung-des-standorts\/#primaryimage","url":"https:\/\/lab-partners.nl\/wp-content\/uploads\/2024\/04\/Niels-1024x1024.jpg","contentUrl":"https:\/\/lab-partners.nl\/wp-content\/uploads\/2024\/04\/Niels-1024x1024.jpg"},{"@type":"BreadcrumbList","@id":"https:\/\/lab-partners.nl\/de\/erweiterung-oder-verlagerung-des-standorts\/#breadcrumb","itemListElement":[{"@type":"ListItem","position":1,"name":"Home","item":"https:\/\/lab-partners.nl\/de\/"},{"@type":"ListItem","position":2,"name":"Erweiterung oder Verlagerung des Standorts"}]},{"@type":"WebSite","@id":"https:\/\/lab-partners.nl\/de\/#website","url":"https:\/\/lab-partners.nl\/de\/","name":"Lab-Partners","description":"","publisher":{"@id":"https:\/\/lab-partners.nl\/de\/#organization"},"potentialAction":[{"@type":"SearchAction","target":{"@type":"EntryPoint","urlTemplate":"https:\/\/lab-partners.nl\/de\/?s={search_term_string}"},"query-input":{"@type":"PropertyValueSpecification","valueRequired":true,"valueName":"search_term_string"}}],"inLanguage":"de"},{"@type":"Organization","@id":"https:\/\/lab-partners.nl\/de\/#organization","name":"Lab-Partners B.V.","url":"https:\/\/lab-partners.nl\/de\/","logo":{"@type":"ImageObject","inLanguage":"de","@id":"https:\/\/lab-partners.nl\/de\/#\/schema\/logo\/image\/","url":"https:\/\/lab-partners.cc-websolutions.nl\/wp-content\/uploads\/2024\/02\/logo.svg","contentUrl":"https:\/\/lab-partners.cc-websolutions.nl\/wp-content\/uploads\/2024\/02\/logo.svg","width":207,"height":78,"caption":"Lab-Partners B.V."},"image":{"@id":"https:\/\/lab-partners.nl\/de\/#\/schema\/logo\/image\/"},"sameAs":["https:\/\/www.facebook.com\/profile.php?id=61554663687106","https:\/\/www.instagram.com\/labpartners_nl","https:\/\/www.linkedin.com\/company\/lab-partners"]}]}},"_links":{"self":[{"href":"https:\/\/lab-partners.nl\/de\/wp-json\/wp\/v2\/pages\/2170","targetHints":{"allow":["GET"]}}],"collection":[{"href":"https:\/\/lab-partners.nl\/de\/wp-json\/wp\/v2\/pages"}],"about":[{"href":"https:\/\/lab-partners.nl\/de\/wp-json\/wp\/v2\/types\/page"}],"author":[{"embeddable":true,"href":"https:\/\/lab-partners.nl\/de\/wp-json\/wp\/v2\/users\/2"}],"replies":[{"embeddable":true,"href":"https:\/\/lab-partners.nl\/de\/wp-json\/wp\/v2\/comments?post=2170"}],"version-history":[{"count":6,"href":"https:\/\/lab-partners.nl\/de\/wp-json\/wp\/v2\/pages\/2170\/revisions"}],"predecessor-version":[{"id":2720,"href":"https:\/\/lab-partners.nl\/de\/wp-json\/wp\/v2\/pages\/2170\/revisions\/2720"}],"wp:attachment":[{"href":"https:\/\/lab-partners.nl\/de\/wp-json\/wp\/v2\/media?parent=2170"}],"curies":[{"name":"wp","href":"https:\/\/api.w.org\/{rel}","templated":true}]}}