{"id":2179,"date":"2024-02-22T15:15:59","date_gmt":"2024-02-22T15:15:59","guid":{"rendered":"https:\/\/lab-partners.cc-websolutions.nl\/datenschutzbestimmungen\/"},"modified":"2024-08-15T12:17:42","modified_gmt":"2024-08-15T12:17:42","slug":"datenschutzbestimmungen","status":"publish","type":"page","link":"https:\/\/lab-partners.nl\/de\/datenschutzbestimmungen\/","title":{"rendered":"Datenschutzbestimmungen"},"content":{"rendered":"\n<p>In dieser Datenschutzerkl\u00e4rung erl\u00e4utern wir, wie wir personenbezogene Daten sammeln und verwenden. Diese Datenschutzrichtlinie gilt f\u00fcr alle personenbezogenen Daten, die wir in Bezug auf Sie verarbeiten, wenn Sie mit uns Kontakt aufnehmen.<\/p>\n\n<h2 class=\"wp-block-heading\">Wer wir sind<\/h2>\n\n<p>Wir sind Lab-Partners BV (im Folgenden: Lab-Partners), ein Management- und Projektberatungsunternehmen mit Sitz in Dorpsweg 23, 3738 CA in Maartensdijk, Niederlande.<\/p>\n\n<p>Lab-Partners verarbeitet und analysiert Daten mit dem Ziel, Ihre Bed\u00fcrfnisse als Kunde bestm\u00f6glich zu erf\u00fcllen. Lab-Partners ist verantwortlich f\u00fcr die Sammlung und Verwendung Ihrer pers\u00f6nlichen Daten, wie in dieser Datenschutzerkl\u00e4rung beschrieben. Lab-Partners legt gro\u00dfen Wert auf seine Rolle und seinen Ruf als zuverl\u00e4ssiger Gesch\u00e4ftspartner und somit auch auf die Wahrung des Rechts auf Privatsph\u00e4re f\u00fcr Sie als Kunde (oder Lieferant).<\/p>\n\n<p>Bei Fragen, Anmerkungen oder Beschwerden \u00fcber die Verarbeitung Ihrer Daten wenden Sie sich bitte an privacyvraagstukken@lab-partners.nl.<\/p>\n\n<h2 class=\"wp-block-heading\">Die Art der von uns gesammelten Informationen<\/h2>\n\n<p>Wir k\u00f6nnen die folgenden personenbezogenen Daten erfassen:<\/p>\n\n<p>Ihre Kontaktinformationen. Dazu k\u00f6nnen Ihr Name, Ihre Anschrift, Ihr Wohnort, Ihre Telefonnummer und Ihre E-Mail-Adresse geh\u00f6ren.<\/p>\n\n<p>Ihre Kommunikation. Wenn Sie uns eine E-Mail oder eine Nachricht \u00fcber soziale Medien senden, zeichnen wir Ihre Kommunikation mit uns auf.<\/p>\n\n<p>Ihre Online-Daten. Wenn Sie unsere Website besuchen, k\u00f6nnen wir Ihre IP-Adresse, den Browsertyp, das Betriebssystem, die verweisende Website, das Surf- und Klickverhalten aufzeichnen. Mit Ihrer Zustimmung k\u00f6nnen wir auch Ihre Standortdaten erhalten.<\/p>\n\n<p>Cookies. Wenn Sie unsere Website nutzen, sammeln wir Informationen \u00fcber Cookies. Bitte lesen Sie unsere Cookie-Richtlinie f\u00fcr weitere Informationen.<\/p>\n\n<h2 class=\"wp-block-heading\">Erhebungsmethoden<\/h2>\n\n<p>Informationen werden durch Ihre Eingaben in Registrierungsformulare, Kommunikationskan\u00e4le (E-Mails, soziale Medien) und automatisierte Methoden, einschlie\u00dflich Cookies f\u00fcr die Website-Analyse, gesammelt.<\/p>\n\n<h2 class=\"wp-block-heading\">Zweck der Sammlung<\/h2>\n\n<p>Wir sammeln Informationen, um mit Ihnen zu kommunizieren und zu Forschungszwecken. Wir verwenden automatische Tools, um Trends bei der Nutzung unserer sozialen Medien und unserer Website zu untersuchen. Die Forschung erm\u00f6glicht es uns, bessere Dienstleistungen f\u00fcr Sie zu entwickeln.<\/p>\n\n<h2 class=\"wp-block-heading\">Verwendung der Informationen<\/h2>\n\n<p>Die gesammelten Informationen werden f\u00fcr projektbezogene Zwecke, f\u00fcr die Kommunikation mit den Nutzern und zur Verbesserung unserer Dienstleistungen verwendet.<\/p>\n\n<h2 class=\"wp-block-heading\">Offenlegung von Informationen<\/h2>\n\n<p>Personenbezogene Daten k\u00f6nnen an Dritte weitergegeben werden, z. B. an Anbieter sozialer Medien. Diese Dritten sind verpflichtet, Ihre personenbezogenen Daten zu sch\u00fctzen und sie nur gem\u00e4\u00df unseren Anweisungen zu verarbeiten.&#13;\nDiese Website enth\u00e4lt Links zu Websites Dritter. Diese Datenschutzerkl\u00e4rung gilt nicht f\u00fcr die Websites Dritter und Lab-Partners \u00fcbernimmt keine Haftung f\u00fcr die Verwendung Ihrer pers\u00f6nlichen Daten durch diese Dritten.<\/p>\n\n<h2 class=\"wp-block-heading\">Auswahl und Kontrolle durch den Benutzer<\/h2>\n\n<p>Die Nutzer haben die M\u00f6glichkeit, ihre Pr\u00e4ferenzen zu verwalten, Informationen zu aktualisieren und sich von bestimmten Mitteilungen abzumelden. Einige Funktionen k\u00f6nnen jedoch eingeschr\u00e4nkt sein, wenn bestimmte Informationen nicht angegeben werden.<\/p>\n\n<h2 class=\"wp-block-heading\">Sicherheitspolitik<\/h2>\n\n<p>Wir verwenden branchen\u00fcbliche Sicherheitsma\u00dfnahmen wie Verschl\u00fcsselung und Zugangskontrollen, um Benutzerdaten vor unbefugtem Zugriff zu sch\u00fctzen und die Vertraulichkeit zu gew\u00e4hrleisten. Ihre Daten werden so lange aufbewahrt, wie es f\u00fcr die in dieser Datenschutzrichtlinie beschriebenen Zwecke erforderlich ist.<\/p>\n\n<h2 class=\"wp-block-heading\">Einhaltung von Gesetzen<\/h2>\n\n<p>Lab-Partners verpflichtet sich, die geltenden Datenschutzgesetze und -vorschriften einzuhalten. Ihre Rechte sind in der Allgemeinen Datenschutzverordnung (GDPR) dargelegt. Um Ihre Rechte auszu\u00fcben, k\u00f6nnen Sie einen schriftlichen Antrag stellen. Lab-Partners verf\u00fcgt \u00fcber eine Frist von vier Wochen ab Eingang des Antrags, um zu pr\u00fcfen, ob der Antrag gerechtfertigt ist. Wenn der Anfrage nicht nachgekommen wird, k\u00f6nnen Sie bei Lab-Partners Einspruch erheben oder eine Beschwerde an die niederl\u00e4ndische Datenschutzbeh\u00f6rde (AP) schicken. Bei einem Antrag kann Lab-Partners zus\u00e4tzliche Informationen anfordern, um die Identit\u00e4t der betroffenen Person festzustellen.<\/p>\n\n<h2 class=\"wp-block-heading\">Internationale Daten\u00fcbermittlung<\/h2>\n\n<p>Bei internationalen Daten\u00fcbermittlungen ergreifen wir Ma\u00dfnahmen, um die Einhaltung der Datenschutzvorschriften zu gew\u00e4hrleisten, einschlie\u00dflich der Verwendung von Standardvertragsklauseln.<\/p>\n\n<h2 class=\"wp-block-heading\">Die Privatsph\u00e4re von Kindern<\/h2>\n\n<p>Die Dienste von Lab-Partners sind nicht f\u00fcr Kinder unter 16 Jahren bestimmt. Wir erheben nicht wissentlich personenbezogene Daten von Kindern und erstellen keine speziell auf Kinder ausgerichteten Interessengruppen.<\/p>\n\n<h2 class=\"wp-block-heading\">Aktualisierungen der Datenschutzrichtlinie<\/h2>\n\n<p>Diese Datenschutzrichtlinie gilt ab dem 1-4-2024. Diese Datenschutzrichtlinie kann aktualisiert werden, und die Nutzer werden \u00fcber unsere Website \u00fcber wesentliche \u00c4nderungen informiert.<\/p>\n","protected":false},"excerpt":{"rendered":"<p>In dieser Datenschutzerkl\u00e4rung erl\u00e4utern wir, wie wir personenbezogene Daten sammeln und verwenden. Diese Datenschutzrichtlinie gilt f\u00fcr alle personenbezogenen Daten, die wir in Bezug auf Sie verarbeiten, wenn Sie mit uns Kontakt aufnehmen. Wer wir sind Wir sind Lab-Partners BV (im Folgenden: Lab-Partners), ein Management- und Projektberatungsunternehmen mit Sitz in Dorpsweg 23, 3738 CA in Maartensdijk, [&hellip;]<\/p>\n","protected":false},"author":2,"featured_media":0,"parent":0,"menu_order":0,"comment_status":"closed","ping_status":"open","template":"","meta":{"inline_featured_image":false,"footnotes":""},"class_list":["post-2179","page","type-page","status-publish","hentry"],"yoast_head":"<!-- This site is optimized with the Yoast SEO plugin v27.3 - https:\/\/yoast.com\/product\/yoast-seo-wordpress\/ -->\n<title>Datenschutzbestimmungen - Lab-Partners<\/title>\n<meta name=\"robots\" content=\"index, follow, max-snippet:-1, max-image-preview:large, max-video-preview:-1\" \/>\n<link rel=\"canonical\" href=\"https:\/\/lab-partners.nl\/de\/datenschutzbestimmungen\/\" \/>\n<meta property=\"og:locale\" content=\"de_DE\" \/>\n<meta property=\"og:type\" content=\"article\" \/>\n<meta property=\"og:title\" content=\"Datenschutzbestimmungen - Lab-Partners\" \/>\n<meta property=\"og:description\" content=\"In dieser Datenschutzerkl\u00e4rung erl\u00e4utern wir, wie wir personenbezogene Daten sammeln und verwenden. Diese Datenschutzrichtlinie gilt f\u00fcr alle personenbezogenen Daten, die wir in Bezug auf Sie verarbeiten, wenn Sie mit uns Kontakt aufnehmen. Wer wir sind Wir sind Lab-Partners BV (im Folgenden: Lab-Partners), ein Management- und Projektberatungsunternehmen mit Sitz in Dorpsweg 23, 3738 CA in Maartensdijk, [&hellip;]\" \/>\n<meta property=\"og:url\" content=\"https:\/\/lab-partners.nl\/de\/datenschutzbestimmungen\/\" \/>\n<meta property=\"og:site_name\" content=\"Lab-Partners\" \/>\n<meta property=\"article:publisher\" content=\"https:\/\/www.facebook.com\/profile.php?id=61554663687106\" \/>\n<meta property=\"article:modified_time\" content=\"2024-08-15T12:17:42+00:00\" \/>\n<meta name=\"twitter:card\" content=\"summary_large_image\" \/>\n<meta name=\"twitter:label1\" content=\"Gesch\u00e4tzte Lesezeit\" \/>\n\t<meta name=\"twitter:data1\" content=\"3\u00a0Minuten\" \/>\n<script type=\"application\/ld+json\" class=\"yoast-schema-graph\">{\"@context\":\"https:\\\/\\\/schema.org\",\"@graph\":[{\"@type\":\"WebPage\",\"@id\":\"https:\\\/\\\/lab-partners.nl\\\/de\\\/datenschutzbestimmungen\\\/\",\"url\":\"https:\\\/\\\/lab-partners.nl\\\/de\\\/datenschutzbestimmungen\\\/\",\"name\":\"Datenschutzbestimmungen - Lab-Partners\",\"isPartOf\":{\"@id\":\"https:\\\/\\\/lab-partners.nl\\\/de\\\/#website\"},\"datePublished\":\"2024-02-22T15:15:59+00:00\",\"dateModified\":\"2024-08-15T12:17:42+00:00\",\"breadcrumb\":{\"@id\":\"https:\\\/\\\/lab-partners.nl\\\/de\\\/datenschutzbestimmungen\\\/#breadcrumb\"},\"inLanguage\":\"de\",\"potentialAction\":[{\"@type\":\"ReadAction\",\"target\":[\"https:\\\/\\\/lab-partners.nl\\\/de\\\/datenschutzbestimmungen\\\/\"]}]},{\"@type\":\"BreadcrumbList\",\"@id\":\"https:\\\/\\\/lab-partners.nl\\\/de\\\/datenschutzbestimmungen\\\/#breadcrumb\",\"itemListElement\":[{\"@type\":\"ListItem\",\"position\":1,\"name\":\"Home\",\"item\":\"https:\\\/\\\/lab-partners.nl\\\/de\\\/\"},{\"@type\":\"ListItem\",\"position\":2,\"name\":\"Datenschutzbestimmungen\"}]},{\"@type\":\"WebSite\",\"@id\":\"https:\\\/\\\/lab-partners.nl\\\/de\\\/#website\",\"url\":\"https:\\\/\\\/lab-partners.nl\\\/de\\\/\",\"name\":\"Lab-Partners\",\"description\":\"\",\"publisher\":{\"@id\":\"https:\\\/\\\/lab-partners.nl\\\/de\\\/#organization\"},\"potentialAction\":[{\"@type\":\"SearchAction\",\"target\":{\"@type\":\"EntryPoint\",\"urlTemplate\":\"https:\\\/\\\/lab-partners.nl\\\/de\\\/?s={search_term_string}\"},\"query-input\":{\"@type\":\"PropertyValueSpecification\",\"valueRequired\":true,\"valueName\":\"search_term_string\"}}],\"inLanguage\":\"de\"},{\"@type\":\"Organization\",\"@id\":\"https:\\\/\\\/lab-partners.nl\\\/de\\\/#organization\",\"name\":\"Lab-Partners B.V.\",\"url\":\"https:\\\/\\\/lab-partners.nl\\\/de\\\/\",\"logo\":{\"@type\":\"ImageObject\",\"inLanguage\":\"de\",\"@id\":\"https:\\\/\\\/lab-partners.nl\\\/de\\\/#\\\/schema\\\/logo\\\/image\\\/\",\"url\":\"https:\\\/\\\/lab-partners.cc-websolutions.nl\\\/wp-content\\\/uploads\\\/2024\\\/02\\\/logo.svg\",\"contentUrl\":\"https:\\\/\\\/lab-partners.cc-websolutions.nl\\\/wp-content\\\/uploads\\\/2024\\\/02\\\/logo.svg\",\"width\":207,\"height\":78,\"caption\":\"Lab-Partners B.V.\"},\"image\":{\"@id\":\"https:\\\/\\\/lab-partners.nl\\\/de\\\/#\\\/schema\\\/logo\\\/image\\\/\"},\"sameAs\":[\"https:\\\/\\\/www.facebook.com\\\/profile.php?id=61554663687106\",\"https:\\\/\\\/www.instagram.com\\\/labpartners_nl\",\"https:\\\/\\\/www.linkedin.com\\\/company\\\/lab-partners\"]}]}<\/script>\n<!-- \/ Yoast SEO plugin. -->","yoast_head_json":{"title":"Datenschutzbestimmungen - Lab-Partners","robots":{"index":"index","follow":"follow","max-snippet":"max-snippet:-1","max-image-preview":"max-image-preview:large","max-video-preview":"max-video-preview:-1"},"canonical":"https:\/\/lab-partners.nl\/de\/datenschutzbestimmungen\/","og_locale":"de_DE","og_type":"article","og_title":"Datenschutzbestimmungen - Lab-Partners","og_description":"In dieser Datenschutzerkl\u00e4rung erl\u00e4utern wir, wie wir personenbezogene Daten sammeln und verwenden. Diese Datenschutzrichtlinie gilt f\u00fcr alle personenbezogenen Daten, die wir in Bezug auf Sie verarbeiten, wenn Sie mit uns Kontakt aufnehmen. Wer wir sind Wir sind Lab-Partners BV (im Folgenden: Lab-Partners), ein Management- und Projektberatungsunternehmen mit Sitz in Dorpsweg 23, 3738 CA in Maartensdijk, [&hellip;]","og_url":"https:\/\/lab-partners.nl\/de\/datenschutzbestimmungen\/","og_site_name":"Lab-Partners","article_publisher":"https:\/\/www.facebook.com\/profile.php?id=61554663687106","article_modified_time":"2024-08-15T12:17:42+00:00","twitter_card":"summary_large_image","twitter_misc":{"Gesch\u00e4tzte Lesezeit":"3\u00a0Minuten"},"schema":{"@context":"https:\/\/schema.org","@graph":[{"@type":"WebPage","@id":"https:\/\/lab-partners.nl\/de\/datenschutzbestimmungen\/","url":"https:\/\/lab-partners.nl\/de\/datenschutzbestimmungen\/","name":"Datenschutzbestimmungen - Lab-Partners","isPartOf":{"@id":"https:\/\/lab-partners.nl\/de\/#website"},"datePublished":"2024-02-22T15:15:59+00:00","dateModified":"2024-08-15T12:17:42+00:00","breadcrumb":{"@id":"https:\/\/lab-partners.nl\/de\/datenschutzbestimmungen\/#breadcrumb"},"inLanguage":"de","potentialAction":[{"@type":"ReadAction","target":["https:\/\/lab-partners.nl\/de\/datenschutzbestimmungen\/"]}]},{"@type":"BreadcrumbList","@id":"https:\/\/lab-partners.nl\/de\/datenschutzbestimmungen\/#breadcrumb","itemListElement":[{"@type":"ListItem","position":1,"name":"Home","item":"https:\/\/lab-partners.nl\/de\/"},{"@type":"ListItem","position":2,"name":"Datenschutzbestimmungen"}]},{"@type":"WebSite","@id":"https:\/\/lab-partners.nl\/de\/#website","url":"https:\/\/lab-partners.nl\/de\/","name":"Lab-Partners","description":"","publisher":{"@id":"https:\/\/lab-partners.nl\/de\/#organization"},"potentialAction":[{"@type":"SearchAction","target":{"@type":"EntryPoint","urlTemplate":"https:\/\/lab-partners.nl\/de\/?s={search_term_string}"},"query-input":{"@type":"PropertyValueSpecification","valueRequired":true,"valueName":"search_term_string"}}],"inLanguage":"de"},{"@type":"Organization","@id":"https:\/\/lab-partners.nl\/de\/#organization","name":"Lab-Partners B.V.","url":"https:\/\/lab-partners.nl\/de\/","logo":{"@type":"ImageObject","inLanguage":"de","@id":"https:\/\/lab-partners.nl\/de\/#\/schema\/logo\/image\/","url":"https:\/\/lab-partners.cc-websolutions.nl\/wp-content\/uploads\/2024\/02\/logo.svg","contentUrl":"https:\/\/lab-partners.cc-websolutions.nl\/wp-content\/uploads\/2024\/02\/logo.svg","width":207,"height":78,"caption":"Lab-Partners B.V."},"image":{"@id":"https:\/\/lab-partners.nl\/de\/#\/schema\/logo\/image\/"},"sameAs":["https:\/\/www.facebook.com\/profile.php?id=61554663687106","https:\/\/www.instagram.com\/labpartners_nl","https:\/\/www.linkedin.com\/company\/lab-partners"]}]}},"_links":{"self":[{"href":"https:\/\/lab-partners.nl\/de\/wp-json\/wp\/v2\/pages\/2179","targetHints":{"allow":["GET"]}}],"collection":[{"href":"https:\/\/lab-partners.nl\/de\/wp-json\/wp\/v2\/pages"}],"about":[{"href":"https:\/\/lab-partners.nl\/de\/wp-json\/wp\/v2\/types\/page"}],"author":[{"embeddable":true,"href":"https:\/\/lab-partners.nl\/de\/wp-json\/wp\/v2\/users\/2"}],"replies":[{"embeddable":true,"href":"https:\/\/lab-partners.nl\/de\/wp-json\/wp\/v2\/comments?post=2179"}],"version-history":[{"count":3,"href":"https:\/\/lab-partners.nl\/de\/wp-json\/wp\/v2\/pages\/2179\/revisions"}],"predecessor-version":[{"id":2636,"href":"https:\/\/lab-partners.nl\/de\/wp-json\/wp\/v2\/pages\/2179\/revisions\/2636"}],"wp:attachment":[{"href":"https:\/\/lab-partners.nl\/de\/wp-json\/wp\/v2\/media?parent=2179"}],"curies":[{"name":"wp","href":"https:\/\/api.w.org\/{rel}","templated":true}]}}