{"id":2183,"date":"2024-03-20T10:08:14","date_gmt":"2024-03-20T10:08:14","guid":{"rendered":"https:\/\/lab-partners.cc-websolutions.nl\/prozess-und-systemoptimierung\/"},"modified":"2024-11-29T11:22:13","modified_gmt":"2024-11-29T11:22:13","slug":"prozess-und-systemoptimierung","status":"publish","type":"page","link":"https:\/\/lab-partners.nl\/de\/prozess-und-systemoptimierung\/","title":{"rendered":"Prozess- und Systemoptimierung"},"content":{"rendered":"\t\t<div data-elementor-type=\"wp-page\" data-elementor-id=\"2183\" class=\"elementor elementor-2183 elementor-1576\" data-elementor-post-type=\"page\">\n\t\t\t\t<div class=\"elementor-element elementor-element-abdda7b e-con-full e-flex e-con e-parent\" data-id=\"abdda7b\" data-element_type=\"container\" data-e-type=\"container\">\n\t\t<div class=\"elementor-element elementor-element-0970f8a  ratio-1-desktop ratio-2-tablet ratio-3-mobile border-radius-1 e-flex e-con-boxed e-con e-child\" data-id=\"0970f8a\" data-element_type=\"container\" data-e-type=\"container\" data-settings=\"{&quot;background_background&quot;:&quot;classic&quot;}\">\n\t\t\t\t\t<div class=\"e-con-inner\">\n\t\t\t\t\t<\/div>\n\t\t\t\t<\/div>\n\t\t\t\t<\/div>\n\t\t<div class=\"elementor-element elementor-element-e2bcafb e-flex e-con-boxed e-con e-parent\" data-id=\"e2bcafb\" data-element_type=\"container\" data-e-type=\"container\" data-settings=\"{&quot;background_background&quot;:&quot;classic&quot;}\">\n\t\t\t\t\t<div class=\"e-con-inner\">\n\t\t<div class=\"elementor-element elementor-element-437a72d e-con-full e-flex e-con e-child\" data-id=\"437a72d\" data-element_type=\"container\" data-e-type=\"container\" data-settings=\"{&quot;background_background&quot;:&quot;classic&quot;}\">\n\t\t<div class=\"elementor-element elementor-element-829fc59 e-flex e-con-boxed e-con e-child\" data-id=\"829fc59\" data-element_type=\"container\" data-e-type=\"container\" data-settings=\"{&quot;background_background&quot;:&quot;classic&quot;}\">\n\t\t\t\t\t<div class=\"e-con-inner\">\n\t\t\t\t<div class=\"elementor-element elementor-element-db03622 breadcrumb margin-bottom-3 elementor-widget elementor-widget-html\" data-id=\"db03622\" data-element_type=\"widget\" data-e-type=\"widget\" data-widget_type=\"html.default\">\n\t\t\t\t<div class=\"elementor-widget-container\">\n\t\t\t\t\t<span><span><a href=\"https:\/\/lab-partners.nl\/de\/\"><span class=\"home-icon-breadcrumb\"> <\/span> Home<\/a><\/span><\/span>\t\t\t\t<\/div>\n\t\t\t\t<\/div>\n\t\t\t\t<div class=\"elementor-element elementor-element-b2baf28 font-size-4 color-1 margin-bottom-2 elementor-hidden-mobile elementor-widget elementor-widget-heading\" data-id=\"b2baf28\" data-element_type=\"widget\" data-e-type=\"widget\" data-widget_type=\"heading.default\">\n\t\t\t\t<div class=\"elementor-widget-container\">\n\t\t\t\t\t<h2 class=\"elementor-heading-title elementor-size-default\">Prozess- und Systemoptimierung<\/h2>\t\t\t\t<\/div>\n\t\t\t\t<\/div>\n\t\t\t\t<div class=\"elementor-element elementor-element-873dfb2 font-size-4 color-1 margin-bottom-2 elementor-hidden-desktop elementor-hidden-tablet elementor-widget elementor-widget-heading\" data-id=\"873dfb2\" data-element_type=\"widget\" data-e-type=\"widget\" data-widget_type=\"heading.default\">\n\t\t\t\t<div class=\"elementor-widget-container\">\n\t\t\t\t\t<h2 class=\"elementor-heading-title elementor-size-default\">Prozess- und Systemoptimierung<\/h2>\t\t\t\t<\/div>\n\t\t\t\t<\/div>\n\t\t\t\t<div class=\"elementor-element elementor-element-2f235fb elementor-widget elementor-widget-text-editor\" data-id=\"2f235fb\" data-element_type=\"widget\" data-e-type=\"widget\" data-widget_type=\"text-editor.default\">\n\t\t\t\t<div class=\"elementor-widget-container\">\n\t\t\t\t\t\t\t\t\t<p>Lab-Partners ist Ihr Partner f\u00fcr Prozess- und Systemoptimierung. Mit unserem fundierten Wissen und unserer Erfahrung in Laborprozessen sind wir Ihr Partner f\u00fcr die Prozess- und Systemoptimierung. Unser Team f\u00fchrt gr\u00fcndliche Analysen zur Identifizierung von Engp\u00e4ssen durch und implementiert effektive Verbesserungen, um Ihre Prozesse zu rationalisieren und Kosten zu senken. Mit Lab-Partners k\u00f6nnen Sie auf ma\u00dfgeschneiderte L\u00f6sungen z\u00e4hlen, die Ihr Labor auf die n\u00e4chste Stufe heben und Ihre Wettbewerbsposition st\u00e4rken.<\/p>\n\t\t\t\t\t\t\t\t<\/div>\n\t\t\t\t<\/div>\n\t\t\t\t<div class=\"elementor-element elementor-element-096c59a font-size-4 color-1 margin-bottom-2 elementor-widget elementor-widget-heading\" data-id=\"096c59a\" data-element_type=\"widget\" data-e-type=\"widget\" data-widget_type=\"heading.default\">\n\t\t\t\t<div class=\"elementor-widget-container\">\n\t\t\t\t\t<h4 class=\"elementor-heading-title elementor-size-default\">Fr\u00fchere Projekte<\/h4>\t\t\t\t<\/div>\n\t\t\t\t<\/div>\n\t\t\t\t<div class=\"elementor-element elementor-element-d477661 p-remove-bottom-margin margin-bottom-2 elementor-widget elementor-widget-text-editor\" data-id=\"d477661\" data-element_type=\"widget\" data-e-type=\"widget\" data-widget_type=\"text-editor.default\">\n\t\t\t\t<div class=\"elementor-widget-container\">\n\t\t\t\t\t\t\t\t\t<p><strong>Projektleitung und Prozessoptimierung.<\/strong> Im Auftrag von Atalmedial soll die Planung der Mitarbeiter im Abholservice effizienter gestaltet werden, indem die Planungsaktivit\u00e4ten f\u00fcr alle Regionen\/Teams zentralisiert werden. Dabei wird eine neue Planungssoftware eingesetzt, die sich auf (historische) Daten st\u00fctzt, die \u00d6ffnungszeiten intelligent handhabt, die Verf\u00fcgbarkeit von Stellen optimiert und letztlich auf eine h\u00f6here Produktivit\u00e4t, geringere Fehlzeiten und eine bessere Verteilung des Materialangebots im Labor abzielt.<\/p>\n\t\t\t\t\t\t\t\t<\/div>\n\t\t\t\t<\/div>\n\t\t\t\t\t<\/div>\n\t\t\t\t<\/div>\n\t\t<div class=\"elementor-element elementor-element-4c879c2 margin-bottom-4 e-flex e-con-boxed e-con e-child\" data-id=\"4c879c2\" data-element_type=\"container\" data-e-type=\"container\">\n\t\t\t\t\t<div class=\"e-con-inner\">\n\t\t\t\t<div class=\"elementor-element elementor-element-4943169 elementor-widget__width-initial elementor-widget elementor-widget-image\" data-id=\"4943169\" data-element_type=\"widget\" data-e-type=\"widget\" data-widget_type=\"image.default\">\n\t\t\t\t<div class=\"elementor-widget-container\">\n\t\t\t\t\t\t\t\t\t\t\t\t\t\t\t<img fetchpriority=\"high\" decoding=\"async\" width=\"800\" height=\"800\" src=\"https:\/\/lab-partners.nl\/wp-content\/uploads\/2024\/03\/AI_1-1024x1024.jpg\" class=\"attachment-large size-large wp-image-1886\" alt=\"\" srcset=\"https:\/\/lab-partners.nl\/wp-content\/uploads\/2024\/03\/AI_1-1024x1024.jpg 1024w, https:\/\/lab-partners.nl\/wp-content\/uploads\/2024\/03\/AI_1-300x300.jpg 300w, https:\/\/lab-partners.nl\/wp-content\/uploads\/2024\/03\/AI_1-150x150.jpg 150w, https:\/\/lab-partners.nl\/wp-content\/uploads\/2024\/03\/AI_1-768x768.jpg 768w, https:\/\/lab-partners.nl\/wp-content\/uploads\/2024\/03\/AI_1-1536x1536.jpg 1536w, https:\/\/lab-partners.nl\/wp-content\/uploads\/2024\/03\/AI_1-2048x2048.jpg 2048w\" sizes=\"(max-width: 800px) 100vw, 800px\" \/>\t\t\t\t\t\t\t\t\t\t\t\t\t\t\t<\/div>\n\t\t\t\t<\/div>\n\t\t<div class=\"elementor-element elementor-element-753e4ee e-flex e-con-boxed e-con e-child\" data-id=\"753e4ee\" data-element_type=\"container\" data-e-type=\"container\">\n\t\t\t\t\t<div class=\"e-con-inner\">\n\t\t\t\t<div class=\"elementor-element elementor-element-9433455 color-1 font-size-2 margin-bottom-1 elementor-widget elementor-widget-heading\" data-id=\"9433455\" data-element_type=\"widget\" data-e-type=\"widget\" data-widget_type=\"heading.default\">\n\t\t\t\t<div class=\"elementor-widget-container\">\n\t\t\t\t\t<h4 class=\"elementor-heading-title elementor-size-default\">Bernadette Goossens<\/h4>\t\t\t\t<\/div>\n\t\t\t\t<\/div>\n\t\t\t\t<div class=\"elementor-element elementor-element-b0cd92a elementor-widget elementor-widget-text-editor\" data-id=\"b0cd92a\" data-element_type=\"widget\" data-e-type=\"widget\" data-widget_type=\"text-editor.default\">\n\t\t\t\t<div class=\"elementor-widget-container\">\n\t\t\t\t\t\t\t\t\t<p>Laboratoriumsberaterin<\/p>\n\t\t\t\t\t\t\t\t<\/div>\n\t\t\t\t<\/div>\n\t\t<div class=\"elementor-element elementor-element-8bb8355 e-flex e-con-boxed e-con e-child\" data-id=\"8bb8355\" data-element_type=\"container\" data-e-type=\"container\">\n\t\t\t\t\t<div class=\"e-con-inner\">\n\t\t<div class=\"elementor-element elementor-element-5c2f3cc e-con-full e-flex e-con e-child\" data-id=\"5c2f3cc\" data-element_type=\"container\" data-e-type=\"container\">\n\t\t\t\t<div class=\"elementor-element elementor-element-87d860a elementor-widget elementor-widget-image\" data-id=\"87d860a\" data-element_type=\"widget\" data-e-type=\"widget\" data-widget_type=\"image.default\">\n\t\t\t\t<div class=\"elementor-widget-container\">\n\t\t\t\t\t\t\t\t\t\t\t\t\t\t\t<img decoding=\"async\" width=\"18\" height=\"14\" src=\"https:\/\/lab-partners.nl\/wp-content\/uploads\/2024\/02\/blue-email.svg\" class=\"attachment-large size-large wp-image-1258\" alt=\"\" \/>\t\t\t\t\t\t\t\t\t\t\t\t\t\t\t<\/div>\n\t\t\t\t<\/div>\n\t\t\t\t<div class=\"elementor-element elementor-element-a0ae54f color-1 p-remove-bottom-margin elementor-widget elementor-widget-text-editor\" data-id=\"a0ae54f\" data-element_type=\"widget\" data-e-type=\"widget\" data-widget_type=\"text-editor.default\">\n\t\t\t\t<div class=\"elementor-widget-container\">\n\t\t\t\t\t\t\t\t\t<p><a href=\"mailto:info@lab-partners.nl\">info@lab-partners.nl<\/a><\/p>\n\t\t\t\t\t\t\t\t<\/div>\n\t\t\t\t<\/div>\n\t\t\t\t<\/div>\n\t\t<div class=\"elementor-element elementor-element-ff75fbb e-flex e-con-boxed e-con e-child\" data-id=\"ff75fbb\" data-element_type=\"container\" data-e-type=\"container\">\n\t\t\t\t\t<div class=\"e-con-inner\">\n\t\t\t\t<div class=\"elementor-element elementor-element-a07523f elementor-widget elementor-widget-image\" data-id=\"a07523f\" data-element_type=\"widget\" data-e-type=\"widget\" data-widget_type=\"image.default\">\n\t\t\t\t<div class=\"elementor-widget-container\">\n\t\t\t\t\t\t\t\t\t\t\t\t\t\t\t<img decoding=\"async\" width=\"25\" height=\"25\" src=\"https:\/\/lab-partners.nl\/wp-content\/uploads\/2024\/02\/blue-linkedin.svg\" class=\"attachment-large size-large wp-image-1260\" alt=\"\" \/>\t\t\t\t\t\t\t\t\t\t\t\t\t\t\t<\/div>\n\t\t\t\t<\/div>\n\t\t\t\t<div class=\"elementor-element elementor-element-fb90954 color-1 p-remove-bottom-margin elementor-widget elementor-widget-text-editor\" data-id=\"fb90954\" data-element_type=\"widget\" data-e-type=\"widget\" data-widget_type=\"text-editor.default\">\n\t\t\t\t<div class=\"elementor-widget-container\">\n\t\t\t\t\t\t\t\t\t<p><a href=\"https:\/\/www.linkedin.com\/in\/bernadette-goossens-20a95788\/\">LinkedIn<\/a><\/p>\n\t\t\t\t\t\t\t\t<\/div>\n\t\t\t\t<\/div>\n\t\t\t\t\t<\/div>\n\t\t\t\t<\/div>\n\t\t\t\t\t<\/div>\n\t\t\t\t<\/div>\n\t\t\t\t\t<\/div>\n\t\t\t\t<\/div>\n\t\t\t\t\t<\/div>\n\t\t\t\t<\/div>\n\t\t\t\t<\/div>\n\t\t\t\t\t<\/div>\n\t\t\t\t<\/div>\n\t\t<div class=\"elementor-element elementor-element-8315373 e-flex e-con-boxed e-con e-child\" data-id=\"8315373\" data-element_type=\"container\" data-e-type=\"container\">\n\t\t\t\t\t<div class=\"e-con-inner\">\n\t\t\t\t<div class=\"elementor-element elementor-element-ad28c7b elementor-widget__width-initial elementor-widget elementor-widget-button\" data-id=\"ad28c7b\" data-element_type=\"widget\" data-e-type=\"widget\" data-widget_type=\"button.default\">\n\t\t\t\t<div class=\"elementor-widget-container\">\n\t\t\t\t\t\t\t\t\t<div class=\"elementor-button-wrapper\">\n\t\t\t\t\t<a class=\"elementor-button elementor-button-link elementor-size-sm\" href=\"https:\/\/lab-partners.nl\/de\/programm-und-projektmanagement\/\" target=\"_blank\">\n\t\t\t\t\t\t<span class=\"elementor-button-content-wrapper\">\n\t\t\t\t\t\t<span class=\"elementor-button-icon\">\n\t\t\t\t<svg xmlns=\"http:\/\/www.w3.org\/2000\/svg\" width=\"17\" height=\"11\" viewBox=\"0 0 17 11\" fill=\"none\"><path d=\"M15.7812 6.03125L11.5312 10.2812C11.2188 10.5938 10.75 10.5938 10.4688 10.2812C10.1562 10 10.1562 9.53125 10.4688 9.21875L13.4375 6.25H0.75C0.3125 6.25 0 5.9375 0 5.5C0 5.09375 0.3125 4.75 0.75 4.75H13.4375L10.4688 1.78125C10.1562 1.5 10.1562 1.03125 10.4688 0.71875C10.75 0.4375 11.2188 0.4375 11.5312 0.71875L15.7812 5C16.0625 5.28125 16.0625 5.75 15.7812 6.03125Z\" fill=\"white\"><\/path><\/svg>\t\t\t<\/span>\n\t\t\t\t\t\t\t\t\t<span class=\"elementor-button-text\">Programm- und Projektmanagement<\/span>\n\t\t\t\t\t<\/span>\n\t\t\t\t\t<\/a>\n\t\t\t\t<\/div>\n\t\t\t\t\t\t\t\t<\/div>\n\t\t\t\t<\/div>\n\t\t\t\t\t<\/div>\n\t\t\t\t<\/div>\n\t\t<div class=\"elementor-element elementor-element-9d9729e e-flex e-con-boxed e-con e-parent\" data-id=\"9d9729e\" data-element_type=\"container\" data-e-type=\"container\">\n\t\t\t\t\t<div class=\"e-con-inner\">\n\t\t\t\t<div class=\"elementor-element elementor-element-41b76c3 elementor-widget elementor-widget-spacer\" data-id=\"41b76c3\" data-element_type=\"widget\" data-e-type=\"widget\" data-widget_type=\"spacer.default\">\n\t\t\t\t<div class=\"elementor-widget-container\">\n\t\t\t\t\t\t\t<div class=\"elementor-spacer\">\n\t\t\t<div class=\"elementor-spacer-inner\"><\/div>\n\t\t<\/div>\n\t\t\t\t\t\t<\/div>\n\t\t\t\t<\/div>\n\t\t\t\t\t<\/div>\n\t\t\t\t<\/div>\n\t\t\t\t<\/div>\n\t\t","protected":false},"excerpt":{"rendered":"<p>Prozess- und Systemoptimierung Prozess- und Systemoptimierung Lab-Partners ist Ihr Partner f\u00fcr Prozess- und Systemoptimierung. Mit unserem fundierten Wissen und unserer Erfahrung in Laborprozessen sind wir Ihr Partner f\u00fcr die Prozess- und Systemoptimierung. Unser Team f\u00fchrt gr\u00fcndliche Analysen zur Identifizierung von Engp\u00e4ssen durch und implementiert effektive Verbesserungen, um Ihre Prozesse zu rationalisieren und Kosten zu senken. [&hellip;]<\/p>\n","protected":false},"author":2,"featured_media":0,"parent":0,"menu_order":0,"comment_status":"closed","ping_status":"open","template":"","meta":{"inline_featured_image":false,"footnotes":""},"class_list":["post-2183","page","type-page","status-publish","hentry"],"yoast_head":"<!-- This site is optimized with the Yoast SEO plugin v27.3 - https:\/\/yoast.com\/product\/yoast-seo-wordpress\/ -->\n<title>Prozess- und Systemoptimierung - Lab-Partners<\/title>\n<meta name=\"description\" content=\"Lab-Partners: Ihr Partner f\u00fcr Prozessoptimierung. Wir rationalisieren Ihre Laborprozesse f\u00fcr maximale Effizienz und geringere Kosten.\" \/>\n<meta name=\"robots\" content=\"index, follow, max-snippet:-1, max-image-preview:large, max-video-preview:-1\" \/>\n<link rel=\"canonical\" href=\"https:\/\/lab-partners.nl\/de\/prozess-und-systemoptimierung\/\" \/>\n<meta property=\"og:locale\" content=\"de_DE\" \/>\n<meta property=\"og:type\" content=\"article\" \/>\n<meta property=\"og:title\" content=\"Prozess- und Systemoptimierung - Lab-Partners\" \/>\n<meta property=\"og:description\" content=\"Lab-Partners: Ihr Partner f\u00fcr Prozessoptimierung. Wir rationalisieren Ihre Laborprozesse f\u00fcr maximale Effizienz und geringere Kosten.\" \/>\n<meta property=\"og:url\" content=\"https:\/\/lab-partners.nl\/de\/prozess-und-systemoptimierung\/\" \/>\n<meta property=\"og:site_name\" content=\"Lab-Partners\" \/>\n<meta property=\"article:publisher\" content=\"https:\/\/www.facebook.com\/profile.php?id=61554663687106\" \/>\n<meta property=\"article:modified_time\" content=\"2024-11-29T11:22:13+00:00\" \/>\n<meta property=\"og:image\" content=\"https:\/\/lab-partners.nl\/wp-content\/uploads\/2024\/03\/AI_1-scaled.jpg\" \/>\n\t<meta property=\"og:image:width\" content=\"2560\" \/>\n\t<meta property=\"og:image:height\" content=\"2560\" \/>\n\t<meta property=\"og:image:type\" content=\"image\/jpeg\" \/>\n<meta name=\"twitter:card\" content=\"summary_large_image\" \/>\n<meta name=\"twitter:label1\" content=\"Gesch\u00e4tzte Lesezeit\" \/>\n\t<meta name=\"twitter:data1\" content=\"1\u00a0Minute\" \/>\n<script type=\"application\/ld+json\" class=\"yoast-schema-graph\">{\"@context\":\"https:\\\/\\\/schema.org\",\"@graph\":[{\"@type\":\"WebPage\",\"@id\":\"https:\\\/\\\/lab-partners.nl\\\/de\\\/prozess-und-systemoptimierung\\\/\",\"url\":\"https:\\\/\\\/lab-partners.nl\\\/de\\\/prozess-und-systemoptimierung\\\/\",\"name\":\"Prozess- und Systemoptimierung - Lab-Partners\",\"isPartOf\":{\"@id\":\"https:\\\/\\\/lab-partners.nl\\\/de\\\/#website\"},\"primaryImageOfPage\":{\"@id\":\"https:\\\/\\\/lab-partners.nl\\\/de\\\/prozess-und-systemoptimierung\\\/#primaryimage\"},\"image\":{\"@id\":\"https:\\\/\\\/lab-partners.nl\\\/de\\\/prozess-und-systemoptimierung\\\/#primaryimage\"},\"thumbnailUrl\":\"https:\\\/\\\/lab-partners.nl\\\/wp-content\\\/uploads\\\/2024\\\/03\\\/AI_1-1024x1024.jpg\",\"datePublished\":\"2024-03-20T10:08:14+00:00\",\"dateModified\":\"2024-11-29T11:22:13+00:00\",\"description\":\"Lab-Partners: Ihr Partner f\u00fcr Prozessoptimierung. Wir rationalisieren Ihre Laborprozesse f\u00fcr maximale Effizienz und geringere Kosten.\",\"breadcrumb\":{\"@id\":\"https:\\\/\\\/lab-partners.nl\\\/de\\\/prozess-und-systemoptimierung\\\/#breadcrumb\"},\"inLanguage\":\"de\",\"potentialAction\":[{\"@type\":\"ReadAction\",\"target\":[\"https:\\\/\\\/lab-partners.nl\\\/de\\\/prozess-und-systemoptimierung\\\/\"]}]},{\"@type\":\"ImageObject\",\"inLanguage\":\"de\",\"@id\":\"https:\\\/\\\/lab-partners.nl\\\/de\\\/prozess-und-systemoptimierung\\\/#primaryimage\",\"url\":\"https:\\\/\\\/lab-partners.nl\\\/wp-content\\\/uploads\\\/2024\\\/03\\\/AI_1-1024x1024.jpg\",\"contentUrl\":\"https:\\\/\\\/lab-partners.nl\\\/wp-content\\\/uploads\\\/2024\\\/03\\\/AI_1-1024x1024.jpg\"},{\"@type\":\"BreadcrumbList\",\"@id\":\"https:\\\/\\\/lab-partners.nl\\\/de\\\/prozess-und-systemoptimierung\\\/#breadcrumb\",\"itemListElement\":[{\"@type\":\"ListItem\",\"position\":1,\"name\":\"Home\",\"item\":\"https:\\\/\\\/lab-partners.nl\\\/de\\\/\"},{\"@type\":\"ListItem\",\"position\":2,\"name\":\"Prozess- und Systemoptimierung\"}]},{\"@type\":\"WebSite\",\"@id\":\"https:\\\/\\\/lab-partners.nl\\\/de\\\/#website\",\"url\":\"https:\\\/\\\/lab-partners.nl\\\/de\\\/\",\"name\":\"Lab-Partners\",\"description\":\"\",\"publisher\":{\"@id\":\"https:\\\/\\\/lab-partners.nl\\\/de\\\/#organization\"},\"potentialAction\":[{\"@type\":\"SearchAction\",\"target\":{\"@type\":\"EntryPoint\",\"urlTemplate\":\"https:\\\/\\\/lab-partners.nl\\\/de\\\/?s={search_term_string}\"},\"query-input\":{\"@type\":\"PropertyValueSpecification\",\"valueRequired\":true,\"valueName\":\"search_term_string\"}}],\"inLanguage\":\"de\"},{\"@type\":\"Organization\",\"@id\":\"https:\\\/\\\/lab-partners.nl\\\/de\\\/#organization\",\"name\":\"Lab-Partners B.V.\",\"url\":\"https:\\\/\\\/lab-partners.nl\\\/de\\\/\",\"logo\":{\"@type\":\"ImageObject\",\"inLanguage\":\"de\",\"@id\":\"https:\\\/\\\/lab-partners.nl\\\/de\\\/#\\\/schema\\\/logo\\\/image\\\/\",\"url\":\"https:\\\/\\\/lab-partners.cc-websolutions.nl\\\/wp-content\\\/uploads\\\/2024\\\/02\\\/logo.svg\",\"contentUrl\":\"https:\\\/\\\/lab-partners.cc-websolutions.nl\\\/wp-content\\\/uploads\\\/2024\\\/02\\\/logo.svg\",\"width\":207,\"height\":78,\"caption\":\"Lab-Partners B.V.\"},\"image\":{\"@id\":\"https:\\\/\\\/lab-partners.nl\\\/de\\\/#\\\/schema\\\/logo\\\/image\\\/\"},\"sameAs\":[\"https:\\\/\\\/www.facebook.com\\\/profile.php?id=61554663687106\",\"https:\\\/\\\/www.instagram.com\\\/labpartners_nl\",\"https:\\\/\\\/www.linkedin.com\\\/company\\\/lab-partners\"]}]}<\/script>\n<!-- \/ Yoast SEO plugin. -->","yoast_head_json":{"title":"Prozess- und Systemoptimierung - Lab-Partners","description":"Lab-Partners: Ihr Partner f\u00fcr Prozessoptimierung. Wir rationalisieren Ihre Laborprozesse f\u00fcr maximale Effizienz und geringere Kosten.","robots":{"index":"index","follow":"follow","max-snippet":"max-snippet:-1","max-image-preview":"max-image-preview:large","max-video-preview":"max-video-preview:-1"},"canonical":"https:\/\/lab-partners.nl\/de\/prozess-und-systemoptimierung\/","og_locale":"de_DE","og_type":"article","og_title":"Prozess- und Systemoptimierung - Lab-Partners","og_description":"Lab-Partners: Ihr Partner f\u00fcr Prozessoptimierung. Wir rationalisieren Ihre Laborprozesse f\u00fcr maximale Effizienz und geringere Kosten.","og_url":"https:\/\/lab-partners.nl\/de\/prozess-und-systemoptimierung\/","og_site_name":"Lab-Partners","article_publisher":"https:\/\/www.facebook.com\/profile.php?id=61554663687106","article_modified_time":"2024-11-29T11:22:13+00:00","og_image":[{"width":2560,"height":2560,"url":"https:\/\/lab-partners.nl\/wp-content\/uploads\/2024\/03\/AI_1-scaled.jpg","type":"image\/jpeg"}],"twitter_card":"summary_large_image","twitter_misc":{"Gesch\u00e4tzte Lesezeit":"1\u00a0Minute"},"schema":{"@context":"https:\/\/schema.org","@graph":[{"@type":"WebPage","@id":"https:\/\/lab-partners.nl\/de\/prozess-und-systemoptimierung\/","url":"https:\/\/lab-partners.nl\/de\/prozess-und-systemoptimierung\/","name":"Prozess- und Systemoptimierung - Lab-Partners","isPartOf":{"@id":"https:\/\/lab-partners.nl\/de\/#website"},"primaryImageOfPage":{"@id":"https:\/\/lab-partners.nl\/de\/prozess-und-systemoptimierung\/#primaryimage"},"image":{"@id":"https:\/\/lab-partners.nl\/de\/prozess-und-systemoptimierung\/#primaryimage"},"thumbnailUrl":"https:\/\/lab-partners.nl\/wp-content\/uploads\/2024\/03\/AI_1-1024x1024.jpg","datePublished":"2024-03-20T10:08:14+00:00","dateModified":"2024-11-29T11:22:13+00:00","description":"Lab-Partners: Ihr Partner f\u00fcr Prozessoptimierung. Wir rationalisieren Ihre Laborprozesse f\u00fcr maximale Effizienz und geringere Kosten.","breadcrumb":{"@id":"https:\/\/lab-partners.nl\/de\/prozess-und-systemoptimierung\/#breadcrumb"},"inLanguage":"de","potentialAction":[{"@type":"ReadAction","target":["https:\/\/lab-partners.nl\/de\/prozess-und-systemoptimierung\/"]}]},{"@type":"ImageObject","inLanguage":"de","@id":"https:\/\/lab-partners.nl\/de\/prozess-und-systemoptimierung\/#primaryimage","url":"https:\/\/lab-partners.nl\/wp-content\/uploads\/2024\/03\/AI_1-1024x1024.jpg","contentUrl":"https:\/\/lab-partners.nl\/wp-content\/uploads\/2024\/03\/AI_1-1024x1024.jpg"},{"@type":"BreadcrumbList","@id":"https:\/\/lab-partners.nl\/de\/prozess-und-systemoptimierung\/#breadcrumb","itemListElement":[{"@type":"ListItem","position":1,"name":"Home","item":"https:\/\/lab-partners.nl\/de\/"},{"@type":"ListItem","position":2,"name":"Prozess- und Systemoptimierung"}]},{"@type":"WebSite","@id":"https:\/\/lab-partners.nl\/de\/#website","url":"https:\/\/lab-partners.nl\/de\/","name":"Lab-Partners","description":"","publisher":{"@id":"https:\/\/lab-partners.nl\/de\/#organization"},"potentialAction":[{"@type":"SearchAction","target":{"@type":"EntryPoint","urlTemplate":"https:\/\/lab-partners.nl\/de\/?s={search_term_string}"},"query-input":{"@type":"PropertyValueSpecification","valueRequired":true,"valueName":"search_term_string"}}],"inLanguage":"de"},{"@type":"Organization","@id":"https:\/\/lab-partners.nl\/de\/#organization","name":"Lab-Partners B.V.","url":"https:\/\/lab-partners.nl\/de\/","logo":{"@type":"ImageObject","inLanguage":"de","@id":"https:\/\/lab-partners.nl\/de\/#\/schema\/logo\/image\/","url":"https:\/\/lab-partners.cc-websolutions.nl\/wp-content\/uploads\/2024\/02\/logo.svg","contentUrl":"https:\/\/lab-partners.cc-websolutions.nl\/wp-content\/uploads\/2024\/02\/logo.svg","width":207,"height":78,"caption":"Lab-Partners B.V."},"image":{"@id":"https:\/\/lab-partners.nl\/de\/#\/schema\/logo\/image\/"},"sameAs":["https:\/\/www.facebook.com\/profile.php?id=61554663687106","https:\/\/www.instagram.com\/labpartners_nl","https:\/\/www.linkedin.com\/company\/lab-partners"]}]}},"_links":{"self":[{"href":"https:\/\/lab-partners.nl\/de\/wp-json\/wp\/v2\/pages\/2183","targetHints":{"allow":["GET"]}}],"collection":[{"href":"https:\/\/lab-partners.nl\/de\/wp-json\/wp\/v2\/pages"}],"about":[{"href":"https:\/\/lab-partners.nl\/de\/wp-json\/wp\/v2\/types\/page"}],"author":[{"embeddable":true,"href":"https:\/\/lab-partners.nl\/de\/wp-json\/wp\/v2\/users\/2"}],"replies":[{"embeddable":true,"href":"https:\/\/lab-partners.nl\/de\/wp-json\/wp\/v2\/comments?post=2183"}],"version-history":[{"count":4,"href":"https:\/\/lab-partners.nl\/de\/wp-json\/wp\/v2\/pages\/2183\/revisions"}],"predecessor-version":[{"id":2710,"href":"https:\/\/lab-partners.nl\/de\/wp-json\/wp\/v2\/pages\/2183\/revisions\/2710"}],"wp:attachment":[{"href":"https:\/\/lab-partners.nl\/de\/wp-json\/wp\/v2\/media?parent=2183"}],"curies":[{"name":"wp","href":"https:\/\/api.w.org\/{rel}","templated":true}]}}